{"id":13902,"date":"2022-09-19T09:52:34","date_gmt":"2022-09-19T07:52:34","guid":{"rendered":"https:\/\/webdesign-service.nl\/webgestaltung-maastricht\/"},"modified":"2025-05-31T14:30:32","modified_gmt":"2025-05-31T12:30:32","slug":"webgestaltung-maastricht","status":"publish","type":"page","link":"https:\/\/webdesign-service.nl\/de\/webgestaltung-maastricht\/","title":{"rendered":"Webdesign Maastricht &#8211; Webseitengestaltung Maastricht"},"content":{"rendered":"<p><div class=\"fusion-fullwidth fullwidth-box fusion-builder-row-1 fusion-flex-container has-pattern-background has-mask-background nonhundred-percent-fullwidth non-hundred-percent-height-scrolling\" style=\"--awb-background-position:left top;--awb-border-sizes-top:0px;--awb-border-sizes-bottom:0px;--awb-border-sizes-left:0px;--awb-border-sizes-right:0px;--awb-border-radius-top-left:0px;--awb-border-radius-top-right:0px;--awb-border-radius-bottom-right:0px;--awb-border-radius-bottom-left:0px;--awb-padding-bottom:20px;--awb-margin-top:0px;--awb-margin-bottom:0px;--awb-flex-wrap:wrap;\" ><div class=\"fusion-builder-row fusion-row fusion-flex-align-items-flex-start fusion-flex-justify-content-space-around fusion-flex-content-wrap\" style=\"max-width:calc( 1100px + 0px );margin-left: calc(-0px \/ 2 );margin-right: calc(-0px \/ 2 );\"><div class=\"fusion-layout-column fusion_builder_column fusion-builder-column-0 fusion_builder_column_1_1 1_1 fusion-flex-column\" style=\"--awb-padding-top:20px;--awb-bg-size:cover;--awb-width-large:100%;--awb-margin-top-large:0px;--awb-spacing-right-large:0px;--awb-margin-bottom-large:20px;--awb-spacing-left-large:0px;--awb-width-medium:100%;--awb-order-medium:0;--awb-spacing-right-medium:0px;--awb-spacing-left-medium:0px;--awb-width-small:100%;--awb-order-small:0;--awb-spacing-right-small:0px;--awb-spacing-left-small:0px;\"><div class=\"fusion-column-wrapper fusion-column-has-shadow fusion-flex-justify-content-flex-start fusion-content-layout-column\">\t\t\t\t\t<div class=\"fusion-slider-container fusion-slider-sc-webdesign-maastricht fusion-slider-231 full-width-slider\" style=\"height:400px; max-width:100%;\" data-id=\"231\" data-full_height=\"\">\n\t\t\t\t\t\t<style type=\"text\/css\">.fusion-slider-231 .flex-direction-nav a {width:63px;height:63px;line-height:63px;font-size:25px;}<\/style>\t\t\t\t\t\t<div class=\"fusion-slider-loading\">Loading...<\/div>\n\t\t\t\t\t\t<div class=\"tfs-slider flexslider main-flex full-width-slider\" data-slider_width=\"100%\" data-slider_height=\"400px\" data-full_screen=\"0\" data-parallax=\"0\" data-nav_arrows=\"1\" data-nav_arrow_size=\"25px\" data-nav_box_width=\"63px\" data-nav_box_height=\"63px\" data-slideshow_speed=\"7000\" data-loop=\"0\" data-autoplay=\"1\" data-orderby=\"date\" data-order=\"DESC\" data-animation=\"fade\" data-animation_speed=\"600\" data-typo_sensitivity=\"1\" data-typo_factor=\"1.5\" style=\"max-width:100%;\">\n\t\t\t\t\t\t\t<ul class=\"slides\">\n\t\t\t\t\t\t\t\t\t\t\t\t\t\t\t\t\t<li data-mute=\"yes\" data-loop=\"yes\" data-autoplay=\"yes\">\n\t\t\t\t\t\t\t\t\t\t<div class=\"slide-content-container slide-content-center\" style=\"display: none;\">\n\t\t\t\t\t\t\t\t\t\t\t<div class=\"slide-content\" style=\"\">\n\t\t\t\t\t\t\t\t\t\t\t\t\t\t\t\t\t\t\t\t\t\t\t\t\t\t\t\t\t\t\t\t\t\t\t\t\t\t\t\t\t\t\t\t\t\t\t\t\t<div class=\"buttons\" >\n\t\t\t\t\t\t\t\t\t\t\t\t\t\t\t\t\t\t\t\t\t\t\t\t\t\t\t\t\t<div class=\"tfs-button-1\"><div ><a class=\"fusion-button button-flat fusion-button-default-size button-default fusion-button-default button-1 fusion-button-default-span fusion-button-default-type\" target=\"_self\" href=\"https:\/\/webdesign-service.nl\/webdesign-maastricht\/#pakketaanbiedingen\"><span class=\"fusion-button-text awb-button__text awb-button__text--default\">WEBSITE OHNE CMS: \u20ac250<\/span><\/a><\/div><\/div>\n\t\t\t\t\t\t\t\t\t\t\t\t\t\t\t\t\t\t\t\t\t\t\t\t\t\t\t\t\t\t\t\t\t\t\t\t\t\t\t\t\t<\/div>\n\t\t\t\t\t\t\t\t\t\t\t\t\t\t\t\t\t\t\t\t\t\t\t<\/div>\n\t\t\t\t\t\t\t\t\t\t<\/div>\n\t\t\t\t\t\t\t\t\t\t\t\t\t\t\t\t\t\t\t\t\t\t\t\t\t\t\t\t\t\t\t\t\t\t\t\t\t\t\t\t<div class=\"background background-image\" style=\"background-image: url(https:\/\/webdesign-service.nl\/wp-content\/uploads\/2022\/05\/slider-Maastricht.png);max-width:100%;height:400px;filter: progid:DXImageTransform.Microsoft.AlphaImageLoader(src='https:\/\/webdesign-service.nl\/wp-content\/uploads\/2022\/05\/slider-Maastricht.png', sizingMethod='scale');\" data-imgwidth=\"1800\">\n\t\t\t\t\t\t\t\t\t\t\t\t\t\t\t\t\t\t\t\t\t\t\t\t\t\t\t\t\t\t\t\t\t\t\t\t\t\t\t\t\t\t\t\t\t\t\t\t\t\t\t\t\t\t\t\t\t\t\t\t\t\t\t\t\t\t<\/div>\n\t\t\t\t\t\t\t\t\t<\/li>\n\t\t\t\t\t\t\t\t\t\t\t\t\t\t\t\t\t<li data-mute=\"yes\" data-loop=\"yes\" data-autoplay=\"yes\">\n\t\t\t\t\t\t\t\t\t\t<div class=\"slide-content-container slide-content-center\" style=\"display: none;\">\n\t\t\t\t\t\t\t\t\t\t\t<div class=\"slide-content\" style=\"\">\n\t\t\t\t\t\t\t\t\t\t\t\t\t\t\t\t\t\t\t\t\t\t\t\t\t\t\t\t\t\t\t\t\t\t\t\t\t\t\t\t\t\t\t\t\t\t\t\t\t<div class=\"buttons\" >\n\t\t\t\t\t\t\t\t\t\t\t\t\t\t\t\t\t\t\t\t\t\t\t\t\t\t\t\t\t<div class=\"tfs-button-1\"><div ><a class=\"fusion-button button-flat fusion-button-default-size button-default fusion-button-default button-2 fusion-button-default-span fusion-button-default-type\" target=\"_self\" href=\"https:\/\/webdesign-service.nl\/webdesign-maastricht\/#pakketaanbiedingen\"><span class=\"fusion-button-text awb-button__text awb-button__text--default\">WEBSITE PAUSCHALANGEBOT: \u20ac275<\/span><\/a><\/div><\/div>\n\t\t\t\t\t\t\t\t\t\t\t\t\t\t\t\t\t\t\t\t\t\t\t\t\t\t\t\t\t\t\t\t\t\t\t\t\t\t\t\t\t<\/div>\n\t\t\t\t\t\t\t\t\t\t\t\t\t\t\t\t\t\t\t\t\t\t\t<\/div>\n\t\t\t\t\t\t\t\t\t\t<\/div>\n\t\t\t\t\t\t\t\t\t\t\t\t\t\t\t\t\t\t\t\t\t\t\t\t\t\t\t\t\t\t\t\t\t\t\t\t\t\t\t\t<div class=\"background background-image\" style=\"background-image: url(https:\/\/webdesign-service.nl\/wp-content\/uploads\/2022\/05\/slider-Maastricht.png);max-width:100%;height:400px;filter: progid:DXImageTransform.Microsoft.AlphaImageLoader(src='https:\/\/webdesign-service.nl\/wp-content\/uploads\/2022\/05\/slider-Maastricht.png', sizingMethod='scale');\" data-imgwidth=\"1800\">\n\t\t\t\t\t\t\t\t\t\t\t\t\t\t\t\t\t\t\t\t\t\t\t\t\t\t\t\t\t\t\t\t\t\t\t\t\t\t\t\t\t\t\t\t\t\t\t\t\t\t\t\t\t\t\t\t\t\t\t\t\t\t\t\t\t\t<\/div>\n\t\t\t\t\t\t\t\t\t<\/li>\n\t\t\t\t\t\t\t\t\t\t\t\t\t\t\t\t\t\t\t\t\t\t\t<\/ul>\n\t\t\t\t\t\t<\/div>\n\t\t\t\t\t<\/div>\n\t\t\t\t\t\t\t\t<\/div><\/div><div class=\"fusion-layout-column fusion_builder_column fusion-builder-column-1 fusion_builder_column_1_1 1_1 fusion-flex-column\" style=\"--awb-bg-position:right bottom;--awb-bg-size:cover;--awb-width-large:100%;--awb-margin-top-large:0px;--awb-spacing-right-large:0px;--awb-margin-bottom-large:20px;--awb-spacing-left-large:0px;--awb-width-medium:100%;--awb-order-medium:0;--awb-spacing-right-medium:0px;--awb-spacing-left-medium:0px;--awb-width-small:100%;--awb-order-small:0;--awb-spacing-right-small:0px;--awb-spacing-left-small:0px;\"><div class=\"fusion-column-wrapper fusion-column-has-shadow fusion-flex-justify-content-flex-start fusion-content-layout-column\"><div class=\"fusion-text fusion-text-1\" style=\"--awb-text-transform:none;\"><h3 style=\"margin-bottom: 0px; text-align: center;\">SPEZIELL F\u00dcR UNTERNEHMER UND EINZELKAUFLEUTE IN DER REGION MAASTRICHT.<\/h3>\n<h1 style=\"text-align: center;\">Lassen Sie sich Ihre professionelle Website schon ab \u20ac275<br \/>\nerstellen, inklusive kostenlosem Webhosting und Domainnamen f\u00fcr das erste Jahr!<\/h1>\n<\/div><div class=\"fusion-separator\" style=\"align-self: center;margin-left: auto;margin-right: auto;margin-top:0px;margin-bottom:20px;width:100%;max-width:50px;\"><div class=\"fusion-separator-border sep-single sep-solid\" style=\"--awb-height:20px;--awb-amount:20px;--awb-sep-color:#d8a706;border-color:#d8a706;border-top-width:1px;\"><\/div><\/div><div class=\"fusion-builder-row fusion-builder-row-inner fusion-row fusion-flex-align-items-flex-start fusion-flex-justify-content-space-around fusion-flex-content-wrap\" style=\"--awb-flex-grow:0;--awb-flex-grow-medium:0;--awb-flex-grow-small:0;--awb-flex-shrink:0;--awb-flex-shrink-medium:0;--awb-flex-shrink-small:0;width:calc( 100% + 0px ) !important;max-width:calc( 100% + 0px ) !important;margin-left: calc(-0px \/ 2 );margin-right: calc(-0px \/ 2 );\"><div class=\"fusion-layout-column fusion_builder_column_inner fusion-builder-nested-column-0 fusion_builder_column_inner_1_2 1_2 fusion-flex-column\" style=\"--awb-bg-size:cover;--awb-width-large:50%;--awb-margin-top-large:0px;--awb-spacing-right-large:15px;--awb-margin-bottom-large:20px;--awb-spacing-left-large:0px;--awb-width-medium:100%;--awb-order-medium:0;--awb-spacing-right-medium:0px;--awb-spacing-left-medium:0px;--awb-width-small:100%;--awb-order-small:0;--awb-spacing-right-small:0px;--awb-spacing-left-small:0px;\"><div class=\"fusion-column-wrapper fusion-column-has-shadow fusion-flex-justify-content-flex-start fusion-content-layout-column\"><div class=\"fusion-text fusion-text-2\" style=\"--awb-text-transform:none;\"><p><span class=\"fusion-dropcap dropcap dropcap-boxed\" style=\"--awb-border-radius:1px;\">B<\/span>ie sind in der Region Maastricht ans\u00e4ssig und suchen nach einer kosteng\u00fcnstigen M\u00f6glichkeit, mit einer professionellen Website online sichtbar zu werden? Dann haben wir gute Nachrichten f\u00fcr Sie! <\/p>\n<p><strong>Wir bieten jetzt ein Website-Paket ab \u20ac275 an, komplett mit:<\/strong><\/p>\n<ul>\n<li>\u2705 Eine ma\u00dfgeschneiderte Website f\u00fcr Ihr Unternehmen<\/li>\n<li>\u2705 <strong>Kostenlose Domainregistrierung<\/strong> und <strong>Webhosting f\u00fcr das erste Jahr<\/strong><\/li>\n<li>\u2705 Ein modernes Design im Einklang mit den neuesten Webdesign-Trends<\/li>\n<li>\u2705 Vollst\u00e4ndige Suchmaschinenoptimierung (SEO), damit Sie in Google leicht gefunden werden k\u00f6nnen<\/li>\n<li>\u2705 Responsives Design &#8211; Ihre Website funktioniert perfekt auf Handy, Tablet und Desktop<\/li>\n<li>\u2705 Sicherheit: t\u00e4gliche Viren- und Malware-Checks + 24\/7-\u00dcberwachung<\/li>\n<li>\u2705 Verwaltung Ihres Domainnamens durch erfahrene Fachleute<\/li>\n<li>\u2705 Unterst\u00fctzung f\u00fcr spezielle Anforderungen durch unsere erfahrenen PHP-Entwickler<\/li>\n<\/ul>\n<\/div><\/div><\/div><div class=\"fusion-layout-column fusion_builder_column_inner fusion-builder-nested-column-1 fusion_builder_column_inner_1_2 1_2 fusion-flex-column\" style=\"--awb-bg-size:cover;--awb-width-large:50%;--awb-margin-top-large:0px;--awb-spacing-right-large:0px;--awb-margin-bottom-large:20px;--awb-spacing-left-large:15px px;--awb-width-medium:100%;--awb-order-medium:0;--awb-spacing-right-medium:0px;--awb-spacing-left-medium:0px;--awb-width-small:100%;--awb-order-small:0;--awb-spacing-right-small:0px;--awb-spacing-left-small:0px;\"><div class=\"fusion-column-wrapper fusion-column-has-shadow fusion-flex-justify-content-flex-start fusion-content-layout-column\"><div class=\"fusion-text fusion-text-3\" style=\"--awb-text-transform:none;\"><p><strong>Warum sollten Sie uns w\u00e4hlen?<\/strong><br \/>\nWir erstellen seit 2008 Websites und Webshops f\u00fcr Unternehmer in den Niederlanden und wissen genau, was funktioniert. Unser Team kombiniert Kreativit\u00e4t mit technischem Fachwissen, und unsere Websites liefern Ergebnisse: mehr Besucher, bessere Auffindbarkeit und einen professionellen Online-Auftritt. <\/p>\n<p><strong>Ob Sie eine einfache Website oder einen aufwendigen Webshop w\u00fcnschen &#8211; bei uns erhalten Sie ein einzigartiges Design zum besten Preis-Leistungs-Verh\u00e4ltnis in den Niederlanden.<\/strong><\/p>\n<p><strong>Haben Sie besondere Anforderungen?<\/strong>  Nichts ist uns fremd! F\u00fcr besondere Anforderungen ziehen wir externe php-Entwickler hinzu.<br \/>\nWir bieten die beste Preiskombination in den Niederlanden f\u00fcr das Hosting exklusiver Websites. Die Verwaltung Ihrer Domain ist bei uns in guten H\u00e4nden und standardm\u00e4\u00dfig wird Ihre Website t\u00e4glich auf Viren und Malware gepr\u00fcft und <strong>wir \u00fcberwachen<\/strong> Ihre Website <strong>24\/7<\/strong> auf technische Sicherheitsma\u00dfnahmen. <\/p>\n<p><a href=\"#pakketaanbiedingen\">Siehe Pauschalangebote unten:<\/a><\/p>\n<\/div><\/div><\/div><\/div><\/div><\/div><\/div><\/div><div id=\"Pauschalangebote\" class=\"fusion-container-anchor\"><div class=\"fusion-fullwidth fullwidth-box fusion-builder-row-2 has-pattern-background has-mask-background nonhundred-percent-fullwidth non-hundred-percent-height-scrolling\" style=\"--awb-border-radius-top-left:0px;--awb-border-radius-top-right:0px;--awb-border-radius-bottom-right:0px;--awb-border-radius-bottom-left:0px;--awb-padding-bottom:0px;--awb-margin-top:0px;--awb-margin-bottom:;--awb-flex-wrap:wrap;\" ><div class=\"fusion-builder-row fusion-row\"><div class=\"fusion-layout-column fusion_builder_column fusion-builder-column-2 fusion_builder_column_1_2 1_2 fusion-one-half fusion-column-first\" style=\"--awb-padding-top:220px;--awb-padding-right:30px;--awb-padding-left:30px;--awb-bg-image:url(&#039;https:\/\/webdesign-service.nl\/wp-content\/uploads\/2021\/10\/nativesluck-in-vlak-mobile3.png&#039;);--awb-bg-position:center top;--awb-bg-size:cover;--awb-border-color:#e2e2e2;--awb-border-style:solid;--awb-margin-bottom:0px;width:50%;width:calc(50% - ( ( 4% ) * 0.5 ) );margin-right: 4%;\"><div class=\"fusion-column-wrapper fusion-column-has-shadow fusion-flex-column-wrapper-legacy fusion-column-has-bg-image\" data-bg-url=\"https:\/\/webdesign-service.nl\/wp-content\/uploads\/2021\/10\/nativesluck-in-vlak-mobile3.png\"><div class=\"fusion-content-boxes content-boxes columns row fusion-columns-1 fusion-columns-total-1 fusion-content-boxes-1 content-boxes-icon-with-title content-left\" style=\"--awb-backgroundcolor:#ffffff;--awb-hover-accent-color:#ff9800;--awb-circle-hover-accent-color:#ff9800;--awb-item-margin-bottom:40px;\" data-animationOffset=\"top-into-view\"><div style=\"--awb-backgroundcolor:#ffffff;\" class=\"fusion-column content-box-column content-box-column content-box-column-1 col-lg-12 col-md-12 col-sm-12 fusion-content-box-hover content-box-column-last content-box-column-last-in-row\"><div class=\"col content-box-wrapper content-wrapper-background link-area-link-icon link-type-button icon-hover-animation-fade\" data-animationOffset=\"top-into-view\"><div class=\"heading icon-left\"><a class=\"heading-link\" style=\"float:left;\" href=\"https:\/\/nativeslucktravel.com\" target=\"_blank\" rel=\"noopener noreferrer\"><h2 class=\"content-box-heading\" style=\"--h2_typography-font-size:18px;line-height:23px;\">BASIS-WEBSITE OHNE CMS INKL. WEBHOSTING<\/h2><\/a><\/div><div class=\"fusion-clearfix\"><\/div><div class=\"content-container\">\n<p><strong>Responsive Basis-Websites ohne CMS f\u00fcr 275 Euro*.<\/strong><br \/>\nDiese Basis-Website ist eine <a href=\"https:\/\/nl.wikipedia.org\/wiki\/HTML5\" target=\"_blank\" rel=\"noopener\">HTML5-Website<\/a>, die ohne Verwendung bestehender Vorlagen erstellt wird. Die Websites sind daher einzigartig im Design!<\/p>\n<p><a href=\"https:\/\/en.wikipedia.org\/wiki\/Responsive_web_design\" target=\"_blank\" rel=\"noopener\">Responsive Webdesign<\/a> bedeutet, dass sich diese Website auf jedem Medium optimal pr\u00e4sentiert, egal ob es sich um einen Desktop, ein Tablet oder ein Smartphone handelt.<\/p>\n<p><strong>Der Preis von \u20ac275* gilt f\u00fcr eine 4-seitige Website inkl. Kontaktformular, Hosting und Domainregistrierung.<\/strong><\/p>\n<p style=\"letter-spacing: 0px; font-size: 11px; text-align: left; margin-bottom: 0px;\"><em>*Tarife gelten nur f\u00fcr Roermond und Umgebung. Der Preis f\u00fcr Webhosting und Domainregistrierung ist im ersten Jahr inbegriffen, danach gilt der normale Tarif. Der Preis enth\u00e4lt keine Mehrwertsteuer.<\/em><\/p>\n<\/div><div class=\"fusion-clearfix\"><\/div><a class=\"fusion-read-more-button fusion-content-box-button fusion-button button-default fusion-button-default-size button- button-flat\" style=\"float:left;\" href=\"https:\/\/nativeslucktravel.com\" target=\"_blank\" rel=\"noopener noreferrer\"><span class=\"fusion-button-text\">EIN BEISPIEL SEHEN<\/span><\/a><div class=\"fusion-clearfix\"><\/div><\/div><\/div><div class=\"fusion-clearfix\"><\/div><\/div><div class=\"fusion-clearfix\"><\/div><\/div><\/div><div class=\"fusion-layout-column fusion_builder_column fusion-builder-column-3 fusion_builder_column_1_2 1_2 fusion-one-half fusion-column-last\" style=\"--awb-padding-top:220px;--awb-padding-right:30px;--awb-padding-left:30px;--awb-bg-image:url(&#039;https:\/\/webdesign-service.nl\/wp-content\/uploads\/2022\/03\/images-in-vlak-lash1500.png&#039;);--awb-bg-position:center top;--awb-bg-size:cover;--awb-border-color:#e2e2e2;--awb-border-style:solid;--awb-margin-bottom:0px;width:50%;width:calc(50% - ( ( 4% ) * 0.5 ) );\"><div class=\"fusion-column-wrapper fusion-column-has-shadow fusion-flex-column-wrapper-legacy fusion-column-has-bg-image\" data-bg-url=\"https:\/\/webdesign-service.nl\/wp-content\/uploads\/2022\/03\/images-in-vlak-lash1500.png\"><div class=\"fusion-content-boxes content-boxes columns row fusion-columns-1 fusion-columns-total-1 fusion-content-boxes-2 content-boxes-icon-with-title content-left\" style=\"--awb-backgroundcolor:#ffffff;--awb-hover-accent-color:#ff9800;--awb-circle-hover-accent-color:#ff9800;--awb-item-margin-bottom:40px;\" data-animationOffset=\"top-into-view\"><div style=\"--awb-backgroundcolor:#ffffff;\" class=\"fusion-column content-box-column content-box-column content-box-column-1 col-lg-12 col-md-12 col-sm-12 fusion-content-box-hover content-box-column-last content-box-column-last-in-row\"><div class=\"col content-box-wrapper content-wrapper-background link-area-link-icon link-type-button icon-hover-animation-fade\" data-animationOffset=\"top-into-view\"><div class=\"heading icon-left\"><a class=\"heading-link\" style=\"float:left;\" href=\"https:\/\/lashconcurrent.com\" target=\"_blank\" rel=\"noopener noreferrer\"><h2 class=\"content-box-heading\" style=\"--h2_typography-font-size:18px;line-height:23px;\">WORDPRESS-WEBSITE EINSCHLIESSLICH WEBHOSTING<\/h2><\/a><\/div><div class=\"fusion-clearfix\"><\/div><div class=\"content-container\">\n<p><strong>WordPress-Websites mit CMS f\u00fcr 475 Euro*.<\/strong><br \/>\nWordPress-Websites sind professionelle Websites, die Sie selbst \u00fcber <a href=\"https:\/\/en.wikipedia.org\/wiki\/Content_management_system\" target=\"_blank\" rel=\"noopener\">ein CMS<\/a> verwalten k\u00f6nnen<\/p>\n<p>Mit einer WordPress-Website haben Sie viele M\u00f6glichkeiten f\u00fcr \u00c4nderungen und\/oder Erweiterungen. Das liegt daran, dass es viele Plugins (Softwarekomponenten) gibt, die f\u00fcr WordPress-Websites geschrieben wurden.<\/p>\n<p><strong>Der Preis von \u20ac 475* gilt f\u00fcr eine einseitige WordPress-Website, inkl. Hosting und Domainregistrierung.<\/strong><\/p>\n<p style=\"letter-spacing: 0px; font-size: 11px; text-align: left; margin-bottom: 0px;\"><em>*Tarife gelten nur f\u00fcr Roermond und Umgebung! Der Preis f\u00fcr Webhosting und Domainregistrierung ist im ersten Jahr inbegriffen, danach gilt der normale Tarif. Der Preis enth\u00e4lt keine Mehrwertsteuer.<\/em><\/p>\n<\/div><div class=\"fusion-clearfix\"><\/div><a class=\"fusion-read-more-button fusion-content-box-button fusion-button button-default fusion-button-default-size button- button-flat\" style=\"float:left;\" href=\"https:\/\/lashconcurrent.com\" target=\"_blank\" rel=\"noopener noreferrer\"><span class=\"fusion-button-text\">EIN BEISPIEL SEHEN<\/span><\/a><div class=\"fusion-clearfix\"><\/div><\/div><\/div><div class=\"fusion-clearfix\"><\/div><\/div><div class=\"fusion-clearfix\"><\/div><\/div><\/div><div class=\"fusion-layout-column fusion_builder_column fusion-builder-column-4 fusion_builder_column_1_1 1_1 fusion-one-full fusion-column-first fusion-column-last\" style=\"--awb-bg-size:cover;\" data-scroll-devices=\"small-visibility,medium-visibility,large-visibility\"><div class=\"fusion-column-wrapper fusion-column-has-shadow fusion-flex-column-wrapper-legacy\"><div class=\"fusion-sep-clear\"><\/div><div class=\"fusion-separator fusion-full-width-sep\" style=\"margin-left: auto;margin-right: auto;margin-top:40px;width:100%;\"><\/div><div class=\"fusion-sep-clear\"><\/div><div class=\"fusion-alert alert custom alert-custom fusion-alert-left fusion-alert-capitalize awb-alert-native-link-color alert-shadow\" style=\"--awb-background-color:#ffffff;--awb-accent-color:#808080;--awb-border-size:1px;--awb-border-top-left-radius:0px;--awb-border-top-right-radius:0px;--awb-border-bottom-left-radius:0px;--awb-border-bottom-right-radius:0px;\" role=\"alert\"><div class=\"fusion-alert-content-wrapper\"><span class=\"alert-icon\"><i class=\"fa-exclamation-circle fas\" aria-hidden=\"true\"><\/i><\/span><span class=\"fusion-alert-content\"><p><span style=\"color: #000000;\">Corporate Identity und Logodesign ab 175 Euro*<\/span><br \/>\nWir k\u00f6nnen auch Ihre Corporate Identity und Ihr Logo sowie Brosch\u00fcren und Werbematerialien f\u00fcr Sie entwerfen. <a href=\"https:\/\/webdesign-service.nl\/contactformulier\/\" target=\"_self\" rel=\"noopener\">M\u00f6chten Sie mehr erfahren?<\/a> Kontaktieren Sie uns oder besuchen Sie unsere <a href=\"https:\/\/webdesign-service.nl\/fragen-und-antworten-zu-webdesign-holland\/?lang=de\" target=\"_self\" rel=\"noopener\"> Q&amp;A-Liste!<\/a><\/p>\n<p style=\"letter-spacing: 0px; font-size: 11px; text-align: left; margin-bottom: 0px;\"><em>*\/Preis gilt nur f\u00fcr den Raum Maastricht und wenn Sie Ihre Website von uns erstellen und hosten lassen.<\/em><\/p><\/span><\/div><\/div><div class=\"fusion-clearfix\"><\/div><\/div><\/div><\/div><\/div><\/div><\/p>\n","protected":false},"excerpt":{"rendered":"","protected":false},"author":1,"featured_media":0,"parent":0,"menu_order":13,"comment_status":"closed","ping_status":"closed","template":"100-width.php","meta":{"footnotes":""},"class_list":["post-13902","page","type-page","status-publish","hentry"],"_links":{"self":[{"href":"https:\/\/webdesign-service.nl\/de\/wp-json\/wp\/v2\/pages\/13902","targetHints":{"allow":["GET"]}}],"collection":[{"href":"https:\/\/webdesign-service.nl\/de\/wp-json\/wp\/v2\/pages"}],"about":[{"href":"https:\/\/webdesign-service.nl\/de\/wp-json\/wp\/v2\/types\/page"}],"author":[{"embeddable":true,"href":"https:\/\/webdesign-service.nl\/de\/wp-json\/wp\/v2\/users\/1"}],"replies":[{"embeddable":true,"href":"https:\/\/webdesign-service.nl\/de\/wp-json\/wp\/v2\/comments?post=13902"}],"version-history":[{"count":0,"href":"https:\/\/webdesign-service.nl\/de\/wp-json\/wp\/v2\/pages\/13902\/revisions"}],"wp:attachment":[{"href":"https:\/\/webdesign-service.nl\/de\/wp-json\/wp\/v2\/media?parent=13902"}],"curies":[{"name":"wp","href":"https:\/\/api.w.org\/{rel}","templated":true}]}}