{"id":6789,"date":"2021-09-29T00:42:39","date_gmt":"2021-09-28T22:42:39","guid":{"rendered":"https:\/\/webdesign-website-maken.nl\/haftungsausschluss-allgemeine-geschaeftsbedingungen-datenschutzerklaerung-le-tigre-webdesign-holland\/"},"modified":"2025-08-13T22:15:04","modified_gmt":"2025-08-13T20:15:04","slug":"haftungsausschluss-allgemeine-geschaeftsbedingungen-datenschutzerklaerung-le-tigre-webdesign-holland","status":"publish","type":"page","link":"https:\/\/webdesign-service.nl\/de\/haftungsausschluss-allgemeine-geschaeftsbedingungen-datenschutzerklaerung-le-tigre-webdesign-holland\/","title":{"rendered":"Haftungsausschluss &#8211; Allgemeine Gesch\u00e4ftsbedingungen &#8211; Datenschutzerkl\u00e4rung: Le Tigre Webdesign Holland"},"content":{"rendered":"<p><div class=\"fusion-fullwidth fullwidth-box fusion-builder-row-1 fusion-flex-container nonhundred-percent-fullwidth non-hundred-percent-height-scrolling\" style=\"--awb-border-radius-top-left:0px;--awb-border-radius-top-right:0px;--awb-border-radius-bottom-right:0px;--awb-border-radius-bottom-left:0px;--awb-background-color:var(--awb-color1);--awb-flex-wrap:wrap;\" ><div class=\"fusion-builder-row fusion-row fusion-flex-align-items-flex-start fusion-flex-content-wrap\" style=\"max-width:1144px;margin-left: calc(-4% \/ 2 );margin-right: calc(-4% \/ 2 );\"><div class=\"fusion-layout-column fusion_builder_column fusion-builder-column-0 fusion_builder_column_1_1 1_1 fusion-flex-column\" style=\"--awb-bg-color:var(--awb-color1);--awb-bg-color-hover:var(--awb-color1);--awb-bg-size:cover;--awb-width-large:100%;--awb-margin-top-large:0px;--awb-spacing-right-large:1.92%;--awb-margin-bottom-large:20px;--awb-spacing-left-large:1.92%;--awb-width-medium:100%;--awb-order-medium:0;--awb-spacing-right-medium:1.92%;--awb-spacing-left-medium:1.92%;--awb-width-small:100%;--awb-order-small:0;--awb-spacing-right-small:1.92%;--awb-spacing-left-small:1.92%;\"><div class=\"fusion-column-wrapper fusion-column-has-shadow fusion-flex-justify-content-flex-start fusion-content-layout-column\"><div class=\"fusion-text fusion-text-1\" style=\"--awb-text-transform:none;\"><h2 style=\"margin-bottom: 0px; text-align: center;\">DATENSCHUTZERKL\u00c4RUNG LE TIGRE WEBDESIGN MAASTRICHT<\/h2>\n<\/div><\/div><\/div><\/div><\/div><div class=\"fusion-fullwidth fullwidth-box fusion-builder-row-2 fusion-flex-container nonhundred-percent-fullwidth non-hundred-percent-height-scrolling\" style=\"--awb-border-radius-top-left:0px;--awb-border-radius-top-right:0px;--awb-border-radius-bottom-right:0px;--awb-border-radius-bottom-left:0px;--awb-flex-wrap:wrap;\" ><div class=\"fusion-builder-row fusion-row fusion-flex-align-items-flex-start fusion-flex-content-wrap\" style=\"max-width:1144px;margin-left: calc(-4% \/ 2 );margin-right: calc(-4% \/ 2 );\"><div class=\"fusion-layout-column fusion_builder_column fusion-builder-column-1 fusion_builder_column_1_1 1_1 fusion-flex-column\" style=\"--awb-bg-size:cover;--awb-width-large:100%;--awb-margin-top-large:0px;--awb-spacing-right-large:1.92%;--awb-margin-bottom-large:0px;--awb-spacing-left-large:1.92%;--awb-width-medium:100%;--awb-spacing-right-medium:1.92%;--awb-spacing-left-medium:1.92%;--awb-width-small:100%;--awb-spacing-right-small:1.92%;--awb-spacing-left-small:1.92%;\"><div class=\"fusion-column-wrapper fusion-flex-justify-content-flex-start fusion-content-layout-column\"><div class=\"fusion-text fusion-text-2\"><p><strong>Le Tigre Webdesign Holland<\/strong> bem\u00fcht sich, Sie so vollst\u00e4ndig und korrekt wie m\u00f6glich \u00fcber diese Website zu informieren. Trotz dieser Bedenken k\u00f6nnen bestimmte Informationen falsch, unvollst\u00e4ndig oder abgelaufen sein.<br \/>\nDaher k\u00f6nnen Sie keine Rechte aus den auf dieser Website bereitgestellten Informationen ableiten. F\u00fcr spezifische und bestimmte Informationen k\u00f6nnen Sie uns jederzeit kontaktieren.<br \/>\nWebdesign Holland \u00fcbernimmt keine Haftung f\u00fcr Sch\u00e4den, die durch die Nutzung der auf dieser Website enthaltenen Informationen entstehen.<\/p>\n<p>Ohne schriftliche Genehmigung ist es nicht gestattet, grafische Bilder und\/oder Texte dieser Website in irgendeiner Form zu bearbeiten, zu ver\u00f6ffentlichen und\/oder zu reproblemieren.<br \/>\nDie Quelldateien sind und bleiben immer Eigentum von Webdesign Holland.<br \/>\nWenn nach der m\u00fcndlichen oder schriftlichen Vereinbarung eines Auftrags aus irgendeinem Grund die vereinbarten Arbeiten nicht ausgef\u00fchrt werden, werden mindestens 50 % des vereinbarten Betrags in Rechnung gestellt. Die Domainregistrierung und das Hosting m\u00fcssen nat\u00fcrlich vollst\u00e4ndig bezahlt werden. <a href=\"https:\/\/letigre.nl\/_download\/_download\/prizes-conditions-webhosting-letigre.pdf\" target=\"_blank\" rel=\"noopener\">Preise\/Konditionen herunterladen.<\/a><\/p>\n<p><strong>Datenschutzerkl\u00e4rung:<\/strong> Wir sammeln nur die folgenden pers\u00f6nlichen Daten \u00fcber Besucher und Nutzer unserer Websites, wie z. B.: Benutzernamen, Mitgliedsnamen, E-Mail-Adressen, IP-Adressen und Kontaktangaben.<\/p>\n<p>Wir erheben diese personenbezogenen Daten, wenn Sie sie uns selbst oder automatisch zur Verf\u00fcgung stellen, wenn Sie durch unsere Websites navigieren oder durch andere Personen, wenn Sie mit unseren Websites verbundene Dienste nutzen.<br \/>\nWir erheben Ihre personenbezogenen Daten auch, wenn Sie uns diese zur Verf\u00fcgung stellen, wenn Sie sich f\u00fcr eine Mitgliedschaft anmelden und Artikel oder Dienstleistungen auf unseren Websites kaufen, einen Newsletter oder eine E-Mail-Liste abonnieren, Feedback geben, an einem Wettbewerb teilnehmen oder eine Umfrage ausf\u00fcllen. Dar\u00fcber hinaus werden wir Ihre pers\u00f6nlichen Daten immer mit Respekt behandeln und niemals weitergegebene Informationen missbrauchen. Sie k\u00f6nnen sich jederzeit \u00fcber unser Newsletter- oder Kontaktformular abmelden, indem Sie den Link &#8222;Abmelden&#8220; oder &#8222;Abonnement verwalten&#8220; verwenden.<\/p>\n<\/div><\/div><\/div><\/div><\/div><\/p>\n","protected":false},"excerpt":{"rendered":"","protected":false},"author":1,"featured_media":0,"parent":0,"menu_order":26,"comment_status":"closed","ping_status":"closed","template":"","meta":{"rs_blank_template":"","rs_page_bg_color":"","slide_template_v7":"","footnotes":""},"class_list":["post-6789","page","type-page","status-publish","hentry"],"aioseo_notices":[],"aioseo_head":"\n\t\t<!-- All in One SEO Pro 4.9.6.1 - aioseo.com -->\n\t<meta name=\"description\" content=\"DATENSCHUTZERKL\u00c4RUNG LE TIGRE WEBDESIGN MAASTRICHT Le Tigre Webdesign Holland bem\u00fcht sich, Sie so vollst\u00e4ndig und korrekt wie m\u00f6glich \u00fcber diese Website zu informieren. Trotz dieser Bedenken k\u00f6nnen bestimmte Informationen falsch, unvollst\u00e4ndig oder abgelaufen sein. Daher k\u00f6nnen Sie keine Rechte aus den auf dieser Website bereitgestellten Informationen ableiten. F\u00fcr spezifische und bestimmte Informationen k\u00f6nnen Sie uns\" \/>\n\t<meta name=\"robots\" content=\"max-image-preview:large\" \/>\n\t<meta name=\"google-site-verification\" content=\"Aj660k47f84_KXUUYYe78Cfat48mLZO2jmkRLz-pOBU\" \/>\n\t<meta name=\"msvalidate.01\" content=\"119F2BFF9FD71D79FE46E614478E85E9\" \/>\n\t<meta name=\"yandex-verification\" content=\"yandex_e75fc873b422677d.html\" \/>\n\t<link rel=\"canonical\" href=\"https:\/\/webdesign-service.nl\/de\/haftungsausschluss-allgemeine-geschaeftsbedingungen-datenschutzerklaerung-le-tigre-webdesign-holland\/\" \/>\n\t<meta name=\"generator\" content=\"All in One SEO Pro (AIOSEO) 4.9.6.1\" \/>\n\t\t<meta property=\"og:locale\" content=\"de_DE\" \/>\n\t\t<meta property=\"og:site_name\" content=\"Webdesign Maastricht \u2013 Responsive en SEO-proof websites op maat\" \/>\n\t\t<meta property=\"og:type\" content=\"article\" \/>\n\t\t<meta property=\"og:title\" content=\"Haftungsausschluss \u2013 Allgemeine Gesch\u00e4ftsbedingungen \u2013 Datenschutzerkl\u00e4rung: Le Tigre Webdesign Holland - Webdesign Maastricht \u2013 Responsive en SEO-proof websites op maat\" \/>\n\t\t<meta property=\"og:description\" content=\"DATENSCHUTZERKL\u00c4RUNG LE TIGRE WEBDESIGN MAASTRICHT Le Tigre Webdesign Holland bem\u00fcht sich, Sie so vollst\u00e4ndig und korrekt wie m\u00f6glich \u00fcber diese Website zu informieren. Trotz dieser Bedenken k\u00f6nnen bestimmte Informationen falsch, unvollst\u00e4ndig oder abgelaufen sein. Daher k\u00f6nnen Sie keine Rechte aus den auf dieser Website bereitgestellten Informationen ableiten. F\u00fcr spezifische und bestimmte Informationen k\u00f6nnen Sie uns\" \/>\n\t\t<meta property=\"og:url\" content=\"https:\/\/webdesign-service.nl\/de\/haftungsausschluss-allgemeine-geschaeftsbedingungen-datenschutzerklaerung-le-tigre-webdesign-holland\/\" \/>\n\t\t<meta property=\"og:image\" content=\"https:\/\/webdesign-service.nl\/wp-content\/uploads\/2022\/02\/letigre-services.png\" \/>\n\t\t<meta property=\"og:image:secure_url\" content=\"https:\/\/webdesign-service.nl\/wp-content\/uploads\/2022\/02\/letigre-services.png\" \/>\n\t\t<meta property=\"og:image:width\" content=\"1024\" \/>\n\t\t<meta property=\"og:image:height\" content=\"1024\" \/>\n\t\t<meta property=\"article:published_time\" content=\"2021-09-28T22:42:39+00:00\" \/>\n\t\t<meta property=\"article:modified_time\" content=\"2025-08-13T20:15:04+00:00\" \/>\n\t\t<meta property=\"article:publisher\" content=\"https:\/\/www.facebook.com\/letigrenl\/\" \/>\n\t\t<meta name=\"twitter:card\" content=\"summary\" \/>\n\t\t<meta name=\"twitter:site\" content=\"@letigrenl\" \/>\n\t\t<meta name=\"twitter:title\" content=\"Haftungsausschluss \u2013 Allgemeine Gesch\u00e4ftsbedingungen \u2013 Datenschutzerkl\u00e4rung: Le Tigre Webdesign Holland - Webdesign Maastricht \u2013 Responsive en SEO-proof websites op maat\" \/>\n\t\t<meta name=\"twitter:description\" content=\"DATENSCHUTZERKL\u00c4RUNG LE TIGRE WEBDESIGN MAASTRICHT Le Tigre Webdesign Holland bem\u00fcht sich, Sie so vollst\u00e4ndig und korrekt wie m\u00f6glich \u00fcber diese Website zu informieren. Trotz dieser Bedenken k\u00f6nnen bestimmte Informationen falsch, unvollst\u00e4ndig oder abgelaufen sein. Daher k\u00f6nnen Sie keine Rechte aus den auf dieser Website bereitgestellten Informationen ableiten. F\u00fcr spezifische und bestimmte Informationen k\u00f6nnen Sie uns\" \/>\n\t\t<meta name=\"twitter:creator\" content=\"@letigrenl\" \/>\n\t\t<meta name=\"twitter:image\" content=\"https:\/\/webdesign-service.nl\/wp-content\/uploads\/2022\/02\/letigre-services.png\" \/>\n\t\t<script type=\"application\/ld+json\" class=\"aioseo-schema\">\n\t\t\t{\"@context\":\"https:\\\/\\\/schema.org\",\"@graph\":[{\"@type\":\"BreadcrumbList\",\"@id\":\"https:\\\/\\\/webdesign-service.nl\\\/de\\\/haftungsausschluss-allgemeine-geschaeftsbedingungen-datenschutzerklaerung-le-tigre-webdesign-holland\\\/#breadcrumblist\",\"itemListElement\":[{\"@type\":\"ListItem\",\"@id\":\"https:\\\/\\\/webdesign-service.nl\\\/de\\\/#listItem\",\"position\":1,\"name\":\"Home\",\"item\":\"https:\\\/\\\/webdesign-service.nl\\\/de\\\/\",\"nextItem\":{\"@type\":\"ListItem\",\"@id\":\"https:\\\/\\\/webdesign-service.nl\\\/de\\\/haftungsausschluss-allgemeine-geschaeftsbedingungen-datenschutzerklaerung-le-tigre-webdesign-holland\\\/#listItem\",\"name\":\"Haftungsausschluss &#8211; Allgemeine Gesch\\u00e4ftsbedingungen &#8211; Datenschutzerkl\\u00e4rung: Le Tigre Webdesign Holland\"}},{\"@type\":\"ListItem\",\"@id\":\"https:\\\/\\\/webdesign-service.nl\\\/de\\\/haftungsausschluss-allgemeine-geschaeftsbedingungen-datenschutzerklaerung-le-tigre-webdesign-holland\\\/#listItem\",\"position\":2,\"name\":\"Haftungsausschluss &#8211; Allgemeine Gesch\\u00e4ftsbedingungen &#8211; Datenschutzerkl\\u00e4rung: Le Tigre Webdesign Holland\",\"previousItem\":{\"@type\":\"ListItem\",\"@id\":\"https:\\\/\\\/webdesign-service.nl\\\/de\\\/#listItem\",\"name\":\"Home\"}}]},{\"@type\":\"Organization\",\"@id\":\"https:\\\/\\\/webdesign-service.nl\\\/de\\\/#organization\",\"name\":\"Webdesign Holland Le Tigre webdesign service voor websites\",\"description\":\"Professioneel webdesign in Maastricht \\u2013 topkwaliteit voor de beste prijs.\",\"url\":\"https:\\\/\\\/webdesign-service.nl\\\/de\\\/\",\"email\":\"rob.snijders@letigre.nl\",\"telephone\":\"+31614198039\",\"logo\":{\"@type\":\"ImageObject\",\"url\":\"https:\\\/\\\/webdesign-service.nl\\\/wp-content\\\/uploads\\\/2021\\\/12\\\/LeTigre-logo.png\",\"@id\":\"https:\\\/\\\/webdesign-service.nl\\\/de\\\/haftungsausschluss-allgemeine-geschaeftsbedingungen-datenschutzerklaerung-le-tigre-webdesign-holland\\\/#organizationLogo\",\"width\":1027,\"height\":324,\"caption\":\"Webdesign Maastricht - website laten maken\"},\"image\":{\"@id\":\"https:\\\/\\\/webdesign-service.nl\\\/de\\\/haftungsausschluss-allgemeine-geschaeftsbedingungen-datenschutzerklaerung-le-tigre-webdesign-holland\\\/#organizationLogo\"},\"sameAs\":[\"https:\\\/\\\/www.facebook.com\\\/letigrenl\\\/\",\"https:\\\/\\\/twitter.com\\\/letigrenl\",\"https:\\\/\\\/www.instagram.com\\\/rob.snijders\\\/\",\"https:\\\/\\\/nl.pinterest.com\\\/rob4259\\\/\",\"https:\\\/\\\/www.linkedin.com\\\/in\\\/letigrenl\"],\"address\":{\"@id\":\"https:\\\/\\\/webdesign-service.nl\\\/de\\\/#postaladdress\",\"@type\":\"PostalAddress\",\"streetAddress\":\"Plein 1992 35H,\",\"postalCode\":\"6221JP\",\"addressLocality\":\"Maastricht\",\"addressRegion\":\"Limburg\",\"addressCountry\":\"NL\"},\"taxID\":\"BTW\",\"vatID\":\"NL001282721B39\"},{\"@type\":\"WebPage\",\"@id\":\"https:\\\/\\\/webdesign-service.nl\\\/de\\\/haftungsausschluss-allgemeine-geschaeftsbedingungen-datenschutzerklaerung-le-tigre-webdesign-holland\\\/#webpage\",\"url\":\"https:\\\/\\\/webdesign-service.nl\\\/de\\\/haftungsausschluss-allgemeine-geschaeftsbedingungen-datenschutzerklaerung-le-tigre-webdesign-holland\\\/\",\"name\":\"Haftungsausschluss \\u2013 Allgemeine Gesch\\u00e4ftsbedingungen \\u2013 Datenschutzerkl\\u00e4rung: Le Tigre Webdesign Holland - Webdesign Maastricht \\u2013 Responsive en SEO-proof websites op maat\",\"description\":\"DATENSCHUTZERKL\\u00c4RUNG LE TIGRE WEBDESIGN MAASTRICHT Le Tigre Webdesign Holland bem\\u00fcht sich, Sie so vollst\\u00e4ndig und korrekt wie m\\u00f6glich \\u00fcber diese Website zu informieren. Trotz dieser Bedenken k\\u00f6nnen bestimmte Informationen falsch, unvollst\\u00e4ndig oder abgelaufen sein. Daher k\\u00f6nnen Sie keine Rechte aus den auf dieser Website bereitgestellten Informationen ableiten. F\\u00fcr spezifische und bestimmte Informationen k\\u00f6nnen Sie uns\",\"inLanguage\":\"de-DE\",\"isPartOf\":{\"@id\":\"https:\\\/\\\/webdesign-service.nl\\\/de\\\/#website\"},\"breadcrumb\":{\"@id\":\"https:\\\/\\\/webdesign-service.nl\\\/de\\\/haftungsausschluss-allgemeine-geschaeftsbedingungen-datenschutzerklaerung-le-tigre-webdesign-holland\\\/#breadcrumblist\"},\"datePublished\":\"2021-09-29T00:42:39+02:00\",\"dateModified\":\"2025-08-13T22:15:04+02:00\"},{\"@type\":\"WebSite\",\"@id\":\"https:\\\/\\\/webdesign-service.nl\\\/de\\\/#website\",\"url\":\"https:\\\/\\\/webdesign-service.nl\\\/de\\\/\",\"name\":\"Webdesign Holland - Webdesign service - Seo optimized\",\"description\":\"Professioneel webdesign in Maastricht \\u2013 topkwaliteit voor de beste prijs.\",\"inLanguage\":\"de-DE\",\"publisher\":{\"@id\":\"https:\\\/\\\/webdesign-service.nl\\\/de\\\/#organization\"}}]}\n\t\t<\/script>\n\t\t<!-- All in One SEO Pro -->\r\n\t\t<title>Haftungsausschluss \u2013 Allgemeine Gesch\u00e4ftsbedingungen \u2013 Datenschutzerkl\u00e4rung: Le Tigre Webdesign Holland - Webdesign Maastricht \u2013 Responsive en SEO-proof websites op maat<\/title>\n\n","aioseo_head_json":{"title":"Haftungsausschluss \u2013 Allgemeine Gesch\u00e4ftsbedingungen \u2013 Datenschutzerkl\u00e4rung: Le Tigre Webdesign Holland - Webdesign Maastricht \u2013 Responsive en SEO-proof websites op maat","description":"DATENSCHUTZERKL\u00c4RUNG LE TIGRE WEBDESIGN MAASTRICHT Le Tigre Webdesign Holland bem\u00fcht sich, Sie so vollst\u00e4ndig und korrekt wie m\u00f6glich \u00fcber diese Website zu informieren. Trotz dieser Bedenken k\u00f6nnen bestimmte Informationen falsch, unvollst\u00e4ndig oder abgelaufen sein. Daher k\u00f6nnen Sie keine Rechte aus den auf dieser Website bereitgestellten Informationen ableiten. F\u00fcr spezifische und bestimmte Informationen k\u00f6nnen Sie uns","canonical_url":"https:\/\/webdesign-service.nl\/de\/haftungsausschluss-allgemeine-geschaeftsbedingungen-datenschutzerklaerung-le-tigre-webdesign-holland\/","robots":"max-image-preview:large","keywords":"","webmasterTools":{"google-site-verification":"Aj660k47f84_KXUUYYe78Cfat48mLZO2jmkRLz-pOBU","msvalidate.01":"119F2BFF9FD71D79FE46E614478E85E9","yandex-verification":"yandex_e75fc873b422677d.html","miscellaneous":""},"schema":{"@context":"https:\/\/schema.org","@graph":[{"@type":"BreadcrumbList","@id":"https:\/\/webdesign-service.nl\/de\/haftungsausschluss-allgemeine-geschaeftsbedingungen-datenschutzerklaerung-le-tigre-webdesign-holland\/#breadcrumblist","itemListElement":[{"@type":"ListItem","@id":"https:\/\/webdesign-service.nl\/de\/#listItem","position":1,"name":"Home","item":"https:\/\/webdesign-service.nl\/de\/","nextItem":{"@type":"ListItem","@id":"https:\/\/webdesign-service.nl\/de\/haftungsausschluss-allgemeine-geschaeftsbedingungen-datenschutzerklaerung-le-tigre-webdesign-holland\/#listItem","name":"Haftungsausschluss &#8211; Allgemeine Gesch\u00e4ftsbedingungen &#8211; Datenschutzerkl\u00e4rung: Le Tigre Webdesign Holland"}},{"@type":"ListItem","@id":"https:\/\/webdesign-service.nl\/de\/haftungsausschluss-allgemeine-geschaeftsbedingungen-datenschutzerklaerung-le-tigre-webdesign-holland\/#listItem","position":2,"name":"Haftungsausschluss &#8211; Allgemeine Gesch\u00e4ftsbedingungen &#8211; Datenschutzerkl\u00e4rung: Le Tigre Webdesign Holland","previousItem":{"@type":"ListItem","@id":"https:\/\/webdesign-service.nl\/de\/#listItem","name":"Home"}}]},{"@type":"Organization","@id":"https:\/\/webdesign-service.nl\/de\/#organization","name":"Webdesign Holland Le Tigre webdesign service voor websites","description":"Professioneel webdesign in Maastricht \u2013 topkwaliteit voor de beste prijs.","url":"https:\/\/webdesign-service.nl\/de\/","email":"rob.snijders@letigre.nl","telephone":"+31614198039","logo":{"@type":"ImageObject","url":"https:\/\/webdesign-service.nl\/wp-content\/uploads\/2021\/12\/LeTigre-logo.png","@id":"https:\/\/webdesign-service.nl\/de\/haftungsausschluss-allgemeine-geschaeftsbedingungen-datenschutzerklaerung-le-tigre-webdesign-holland\/#organizationLogo","width":1027,"height":324,"caption":"Webdesign Maastricht - website laten maken"},"image":{"@id":"https:\/\/webdesign-service.nl\/de\/haftungsausschluss-allgemeine-geschaeftsbedingungen-datenschutzerklaerung-le-tigre-webdesign-holland\/#organizationLogo"},"sameAs":["https:\/\/www.facebook.com\/letigrenl\/","https:\/\/twitter.com\/letigrenl","https:\/\/www.instagram.com\/rob.snijders\/","https:\/\/nl.pinterest.com\/rob4259\/","https:\/\/www.linkedin.com\/in\/letigrenl"],"address":{"@id":"https:\/\/webdesign-service.nl\/de\/#postaladdress","@type":"PostalAddress","streetAddress":"Plein 1992 35H,","postalCode":"6221JP","addressLocality":"Maastricht","addressRegion":"Limburg","addressCountry":"NL"},"taxID":"BTW","vatID":"NL001282721B39"},{"@type":"WebPage","@id":"https:\/\/webdesign-service.nl\/de\/haftungsausschluss-allgemeine-geschaeftsbedingungen-datenschutzerklaerung-le-tigre-webdesign-holland\/#webpage","url":"https:\/\/webdesign-service.nl\/de\/haftungsausschluss-allgemeine-geschaeftsbedingungen-datenschutzerklaerung-le-tigre-webdesign-holland\/","name":"Haftungsausschluss \u2013 Allgemeine Gesch\u00e4ftsbedingungen \u2013 Datenschutzerkl\u00e4rung: Le Tigre Webdesign Holland - Webdesign Maastricht \u2013 Responsive en SEO-proof websites op maat","description":"DATENSCHUTZERKL\u00c4RUNG LE TIGRE WEBDESIGN MAASTRICHT Le Tigre Webdesign Holland bem\u00fcht sich, Sie so vollst\u00e4ndig und korrekt wie m\u00f6glich \u00fcber diese Website zu informieren. Trotz dieser Bedenken k\u00f6nnen bestimmte Informationen falsch, unvollst\u00e4ndig oder abgelaufen sein. Daher k\u00f6nnen Sie keine Rechte aus den auf dieser Website bereitgestellten Informationen ableiten. F\u00fcr spezifische und bestimmte Informationen k\u00f6nnen Sie uns","inLanguage":"de-DE","isPartOf":{"@id":"https:\/\/webdesign-service.nl\/de\/#website"},"breadcrumb":{"@id":"https:\/\/webdesign-service.nl\/de\/haftungsausschluss-allgemeine-geschaeftsbedingungen-datenschutzerklaerung-le-tigre-webdesign-holland\/#breadcrumblist"},"datePublished":"2021-09-29T00:42:39+02:00","dateModified":"2025-08-13T22:15:04+02:00"},{"@type":"WebSite","@id":"https:\/\/webdesign-service.nl\/de\/#website","url":"https:\/\/webdesign-service.nl\/de\/","name":"Webdesign Holland - Webdesign service - Seo optimized","description":"Professioneel webdesign in Maastricht \u2013 topkwaliteit voor de beste prijs.","inLanguage":"de-DE","publisher":{"@id":"https:\/\/webdesign-service.nl\/de\/#organization"}}]},"og:locale":"de_DE","og:site_name":"Webdesign Maastricht \u2013 Responsive en SEO-proof websites op maat","og:type":"article","og:title":"Haftungsausschluss \u2013 Allgemeine Gesch\u00e4ftsbedingungen \u2013 Datenschutzerkl\u00e4rung: Le Tigre Webdesign Holland - Webdesign Maastricht \u2013 Responsive en SEO-proof websites op maat","og:description":"DATENSCHUTZERKL\u00c4RUNG LE TIGRE WEBDESIGN MAASTRICHT Le Tigre Webdesign Holland bem\u00fcht sich, Sie so vollst\u00e4ndig und korrekt wie m\u00f6glich \u00fcber diese Website zu informieren. Trotz dieser Bedenken k\u00f6nnen bestimmte Informationen falsch, unvollst\u00e4ndig oder abgelaufen sein. Daher k\u00f6nnen Sie keine Rechte aus den auf dieser Website bereitgestellten Informationen ableiten. F\u00fcr spezifische und bestimmte Informationen k\u00f6nnen Sie uns","og:url":"https:\/\/webdesign-service.nl\/de\/haftungsausschluss-allgemeine-geschaeftsbedingungen-datenschutzerklaerung-le-tigre-webdesign-holland\/","og:image":"https:\/\/webdesign-service.nl\/wp-content\/uploads\/2022\/02\/letigre-services.png","og:image:secure_url":"https:\/\/webdesign-service.nl\/wp-content\/uploads\/2022\/02\/letigre-services.png","og:image:width":1024,"og:image:height":1024,"article:published_time":"2021-09-28T22:42:39+00:00","article:modified_time":"2025-08-13T20:15:04+00:00","article:publisher":"https:\/\/www.facebook.com\/letigrenl\/","twitter:card":"summary","twitter:site":"@letigrenl","twitter:title":"Haftungsausschluss \u2013 Allgemeine Gesch\u00e4ftsbedingungen \u2013 Datenschutzerkl\u00e4rung: Le Tigre Webdesign Holland - Webdesign Maastricht \u2013 Responsive en SEO-proof websites op maat","twitter:description":"DATENSCHUTZERKL\u00c4RUNG LE TIGRE WEBDESIGN MAASTRICHT Le Tigre Webdesign Holland bem\u00fcht sich, Sie so vollst\u00e4ndig und korrekt wie m\u00f6glich \u00fcber diese Website zu informieren. Trotz dieser Bedenken k\u00f6nnen bestimmte Informationen falsch, unvollst\u00e4ndig oder abgelaufen sein. Daher k\u00f6nnen Sie keine Rechte aus den auf dieser Website bereitgestellten Informationen ableiten. F\u00fcr spezifische und bestimmte Informationen k\u00f6nnen Sie uns","twitter:creator":"@letigrenl","twitter:image":"https:\/\/webdesign-service.nl\/wp-content\/uploads\/2022\/02\/letigre-services.png"},"aioseo_meta_data":{"post_id":"6789","title":null,"description":null,"keywords":null,"keyphrases":{"focus":{"keyphrase":"","score":0,"analysis":{"keyphraseInTitle":{"score":0,"maxScore":9,"error":1}}},"additional":[]},"primary_term":null,"canonical_url":null,"og_title":null,"og_description":null,"og_object_type":"default","og_image_type":"default","og_image_url":null,"og_image_width":null,"og_image_height":null,"og_image_custom_url":null,"og_image_custom_fields":null,"og_video":"","og_custom_url":null,"og_article_section":null,"og_article_tags":null,"twitter_use_og":false,"twitter_card":"default","twitter_image_type":"default","twitter_image_url":null,"twitter_image_custom_url":null,"twitter_image_custom_fields":null,"twitter_title":null,"twitter_description":null,"schema":{"blockGraphs":[],"customGraphs":[],"default":{"data":{"Article":[],"Course":[],"Dataset":[],"FAQPage":[],"Movie":[],"Person":[],"Product":[],"ProductReview":[],"Car":[],"Recipe":[],"Service":[],"SoftwareApplication":[],"WebPage":[]},"graphName":"WebPage","isEnabled":true},"graphs":[]},"schema_type":"default","schema_type_options":"{\"article\":{\"articleType\":\"BlogPosting\"},\"course\":{\"name\":\"\",\"description\":\"\",\"provider\":\"\"},\"faq\":{\"pages\":[]},\"product\":{\"reviews\":[]},\"recipe\":{\"ingredients\":[],\"instructions\":[],\"keywords\":[]},\"software\":{\"reviews\":[],\"operatingSystems\":[]},\"webPage\":{\"webPageType\":\"WebPage\"}}","pillar_content":false,"robots_default":true,"robots_noindex":false,"robots_noarchive":false,"robots_nosnippet":false,"robots_nofollow":false,"robots_noimageindex":false,"robots_noodp":false,"robots_notranslate":false,"robots_max_snippet":"-1","robots_max_videopreview":"-1","robots_max_imagepreview":"large","priority":null,"frequency":"default","local_seo":null,"seo_analyzer_scan_date":"2025-08-15 01:29:36","breadcrumb_settings":null,"limit_modified_date":false,"reviewed_by":"0","open_ai":"{\"title\":{\"suggestions\":[],\"usage\":0},\"description\":{\"suggestions\":[],\"usage\":0}}","ai":{"faqs":[],"keyPoints":[],"titles":[],"descriptions":[],"socialPosts":{"email":[],"linkedin":[],"twitter":[],"facebook":[],"instagram":[]}},"created":"2022-02-13 10:12:26","updated":"2025-11-26 23:22:59"},"aioseo_breadcrumb":"<div class=\"aioseo-breadcrumbs\"><span class=\"aioseo-breadcrumb\">\n\t<a href=\"https:\/\/webdesign-service.nl\/de\/\" title=\"Home\">Home<\/a>\n<\/span><span class=\"aioseo-breadcrumb-separator\">&raquo;<\/span><span class=\"aioseo-breadcrumb\">\n\tHaftungsausschluss \u2013 Allgemeine Gesch\u00e4ftsbedingungen \u2013 Datenschutzerkl\u00e4rung: Le Tigre Webdesign Holland\n<\/span><\/div>","aioseo_breadcrumb_json":[{"label":"Home","link":"https:\/\/webdesign-service.nl\/de\/"},{"label":"Haftungsausschluss &#8211; Allgemeine Gesch\u00e4ftsbedingungen &#8211; Datenschutzerkl\u00e4rung: Le Tigre Webdesign Holland","link":"https:\/\/webdesign-service.nl\/de\/haftungsausschluss-allgemeine-geschaeftsbedingungen-datenschutzerklaerung-le-tigre-webdesign-holland\/"}],"_links":{"self":[{"href":"https:\/\/webdesign-service.nl\/de\/wp-json\/wp\/v2\/pages\/6789","targetHints":{"allow":["GET"]}}],"collection":[{"href":"https:\/\/webdesign-service.nl\/de\/wp-json\/wp\/v2\/pages"}],"about":[{"href":"https:\/\/webdesign-service.nl\/de\/wp-json\/wp\/v2\/types\/page"}],"author":[{"embeddable":true,"href":"https:\/\/webdesign-service.nl\/de\/wp-json\/wp\/v2\/users\/1"}],"replies":[{"embeddable":true,"href":"https:\/\/webdesign-service.nl\/de\/wp-json\/wp\/v2\/comments?post=6789"}],"version-history":[{"count":0,"href":"https:\/\/webdesign-service.nl\/de\/wp-json\/wp\/v2\/pages\/6789\/revisions"}],"wp:attachment":[{"href":"https:\/\/webdesign-service.nl\/de\/wp-json\/wp\/v2\/media?parent=6789"}],"curies":[{"name":"wp","href":"https:\/\/api.w.org\/{rel}","templated":true}]}}