{"id":13899,"date":"2022-09-19T09:52:08","date_gmt":"2022-09-19T07:52:08","guid":{"rendered":"https:\/\/webdesign-service.nl\/conception-de-sites-web-a-maastricht\/"},"modified":"2025-05-31T14:29:57","modified_gmt":"2025-05-31T12:29:57","slug":"conception-de-sites-web-a-maastricht","status":"publish","type":"page","link":"https:\/\/webdesign-service.nl\/fr\/conception-de-sites-web-a-maastricht\/","title":{"rendered":"Webdesign Maastricht &#8211; Conception de sites Internet \u00e0 Maastricht"},"content":{"rendered":"<p><div class=\"fusion-fullwidth fullwidth-box fusion-builder-row-1 fusion-flex-container has-pattern-background has-mask-background nonhundred-percent-fullwidth non-hundred-percent-height-scrolling\" style=\"--awb-background-position:left top;--awb-border-sizes-top:0px;--awb-border-sizes-bottom:0px;--awb-border-sizes-left:0px;--awb-border-sizes-right:0px;--awb-border-radius-top-left:0px;--awb-border-radius-top-right:0px;--awb-border-radius-bottom-right:0px;--awb-border-radius-bottom-left:0px;--awb-padding-bottom:20px;--awb-margin-top:0px;--awb-margin-bottom:0px;--awb-flex-wrap:wrap;\" ><div class=\"fusion-builder-row fusion-row fusion-flex-align-items-flex-start fusion-flex-justify-content-space-around fusion-flex-content-wrap\" style=\"max-width:calc( 1100px + 0px );margin-left: calc(-0px \/ 2 );margin-right: calc(-0px \/ 2 );\"><div class=\"fusion-layout-column fusion_builder_column fusion-builder-column-0 fusion_builder_column_1_1 1_1 fusion-flex-column\" style=\"--awb-padding-top:20px;--awb-bg-size:cover;--awb-width-large:100%;--awb-margin-top-large:0px;--awb-spacing-right-large:0px;--awb-margin-bottom-large:20px;--awb-spacing-left-large:0px;--awb-width-medium:100%;--awb-order-medium:0;--awb-spacing-right-medium:0px;--awb-spacing-left-medium:0px;--awb-width-small:100%;--awb-order-small:0;--awb-spacing-right-small:0px;--awb-spacing-left-small:0px;\"><div class=\"fusion-column-wrapper fusion-column-has-shadow fusion-flex-justify-content-flex-start fusion-content-layout-column\">\t\t\t\t\t<div class=\"fusion-slider-container fusion-slider-sc-webdesign-maastricht fusion-slider-230 full-width-slider\" style=\"height:400px; max-width:100%;\" data-id=\"230\" data-full_height=\"\">\n\t\t\t\t\t\t<style type=\"text\/css\">.fusion-slider-230 .flex-direction-nav a {width:63px;height:63px;line-height:63px;font-size:25px;}<\/style>\t\t\t\t\t\t<div class=\"fusion-slider-loading\">Loading...<\/div>\n\t\t\t\t\t\t<div class=\"tfs-slider flexslider main-flex full-width-slider\" data-slider_width=\"100%\" data-slider_height=\"400px\" data-full_screen=\"0\" data-parallax=\"0\" data-nav_arrows=\"1\" data-nav_arrow_size=\"25px\" data-nav_box_width=\"63px\" data-nav_box_height=\"63px\" data-slideshow_speed=\"7000\" data-loop=\"0\" data-autoplay=\"1\" data-orderby=\"date\" data-order=\"DESC\" data-animation=\"fade\" data-animation_speed=\"600\" data-typo_sensitivity=\"1\" data-typo_factor=\"1.5\" style=\"max-width:100%;\">\n\t\t\t\t\t\t\t<ul class=\"slides\">\n\t\t\t\t\t\t\t\t\t\t\t\t\t\t\t\t\t<li data-mute=\"yes\" data-loop=\"yes\" data-autoplay=\"yes\">\n\t\t\t\t\t\t\t\t\t\t<div class=\"slide-content-container slide-content-center\" style=\"display: none;\">\n\t\t\t\t\t\t\t\t\t\t\t<div class=\"slide-content\" style=\"\">\n\t\t\t\t\t\t\t\t\t\t\t\t\t\t\t\t\t\t\t\t\t\t\t\t\t\t\t\t\t\t\t\t\t\t\t\t\t\t\t\t\t\t\t\t\t\t\t\t\t<div class=\"buttons\" >\n\t\t\t\t\t\t\t\t\t\t\t\t\t\t\t\t\t\t\t\t\t\t\t\t\t\t\t\t\t<div class=\"tfs-button-1\"><div ><a class=\"fusion-button button-flat fusion-button-default-size button-default fusion-button-default button-1 fusion-button-default-span fusion-button-default-type\" target=\"_self\" href=\"https:\/\/webdesign-service.nl\/webdesign-maastricht\/#pakketaanbiedingen\"><span class=\"fusion-button-text awb-button__text awb-button__text--default\">SITE WEB SANS CMS : \u20ac250<\/span><\/a><\/div><\/div>\n\t\t\t\t\t\t\t\t\t\t\t\t\t\t\t\t\t\t\t\t\t\t\t\t\t\t\t\t\t\t\t\t\t\t\t\t\t\t\t\t\t<\/div>\n\t\t\t\t\t\t\t\t\t\t\t\t\t\t\t\t\t\t\t\t\t\t\t<\/div>\n\t\t\t\t\t\t\t\t\t\t<\/div>\n\t\t\t\t\t\t\t\t\t\t\t\t\t\t\t\t\t\t\t\t\t\t\t\t\t\t\t\t\t\t\t\t\t\t\t\t\t\t\t\t<div class=\"background background-image\" style=\"background-image: url(https:\/\/webdesign-service.nl\/wp-content\/uploads\/2022\/05\/slider-Maastricht.png);max-width:100%;height:400px;filter: progid:DXImageTransform.Microsoft.AlphaImageLoader(src='https:\/\/webdesign-service.nl\/wp-content\/uploads\/2022\/05\/slider-Maastricht.png', sizingMethod='scale');\" data-imgwidth=\"1800\">\n\t\t\t\t\t\t\t\t\t\t\t\t\t\t\t\t\t\t\t\t\t\t\t\t\t\t\t\t\t\t\t\t\t\t\t\t\t\t\t\t\t\t\t\t\t\t\t\t\t\t\t\t\t\t\t\t\t\t\t\t\t\t\t\t\t\t<\/div>\n\t\t\t\t\t\t\t\t\t<\/li>\n\t\t\t\t\t\t\t\t\t\t\t\t\t\t\t\t\t<li data-mute=\"yes\" data-loop=\"yes\" data-autoplay=\"yes\">\n\t\t\t\t\t\t\t\t\t\t<div class=\"slide-content-container slide-content-center\" style=\"display: none;\">\n\t\t\t\t\t\t\t\t\t\t\t<div class=\"slide-content\" style=\"\">\n\t\t\t\t\t\t\t\t\t\t\t\t\t\t\t\t\t\t\t\t\t\t\t\t\t\t\t\t\t\t\t\t\t\t\t\t\t\t\t\t\t\t\t\t\t\t\t\t\t<div class=\"buttons\" >\n\t\t\t\t\t\t\t\t\t\t\t\t\t\t\t\t\t\t\t\t\t\t\t\t\t\t\t\t\t<div class=\"tfs-button-1\"><div ><a class=\"fusion-button button-flat fusion-button-default-size button-default fusion-button-default button-2 fusion-button-default-span fusion-button-default-type\" target=\"_self\" href=\"https:\/\/webdesign-service.nl\/webdesign-maastricht\/#pakketaanbiedingen\"><span class=\"fusion-button-text awb-button__text awb-button__text--default\">FORFAIT SITE WEB : 275<\/span><\/a><\/div><\/div>\n\t\t\t\t\t\t\t\t\t\t\t\t\t\t\t\t\t\t\t\t\t\t\t\t\t\t\t\t\t\t\t\t\t\t\t\t\t\t\t\t\t<\/div>\n\t\t\t\t\t\t\t\t\t\t\t\t\t\t\t\t\t\t\t\t\t\t\t<\/div>\n\t\t\t\t\t\t\t\t\t\t<\/div>\n\t\t\t\t\t\t\t\t\t\t\t\t\t\t\t\t\t\t\t\t\t\t\t\t\t\t\t\t\t\t\t\t\t\t\t\t\t\t\t\t<div class=\"background background-image\" style=\"background-image: url(https:\/\/webdesign-service.nl\/wp-content\/uploads\/2022\/05\/slider-Maastricht.png);max-width:100%;height:400px;filter: progid:DXImageTransform.Microsoft.AlphaImageLoader(src='https:\/\/webdesign-service.nl\/wp-content\/uploads\/2022\/05\/slider-Maastricht.png', sizingMethod='scale');\" data-imgwidth=\"1800\">\n\t\t\t\t\t\t\t\t\t\t\t\t\t\t\t\t\t\t\t\t\t\t\t\t\t\t\t\t\t\t\t\t\t\t\t\t\t\t\t\t\t\t\t\t\t\t\t\t\t\t\t\t\t\t\t\t\t\t\t\t\t\t\t\t\t\t<\/div>\n\t\t\t\t\t\t\t\t\t<\/li>\n\t\t\t\t\t\t\t\t\t\t\t\t\t\t\t\t\t\t\t\t\t\t\t<\/ul>\n\t\t\t\t\t\t<\/div>\n\t\t\t\t\t<\/div>\n\t\t\t\t\t\t\t\t<\/div><\/div><div class=\"fusion-layout-column fusion_builder_column fusion-builder-column-1 fusion_builder_column_1_1 1_1 fusion-flex-column\" style=\"--awb-bg-position:right bottom;--awb-bg-size:cover;--awb-width-large:100%;--awb-margin-top-large:0px;--awb-spacing-right-large:0px;--awb-margin-bottom-large:20px;--awb-spacing-left-large:0px;--awb-width-medium:100%;--awb-order-medium:0;--awb-spacing-right-medium:0px;--awb-spacing-left-medium:0px;--awb-width-small:100%;--awb-order-small:0;--awb-spacing-right-small:0px;--awb-spacing-left-small:0px;\"><div class=\"fusion-column-wrapper fusion-column-has-shadow fusion-flex-justify-content-flex-start fusion-content-layout-column\"><div class=\"fusion-text fusion-text-1\" style=\"--awb-text-transform:none;\"><h3 style=\"margin-bottom: 0px; text-align: center;\">EN PARTICULIER POUR LES ENTREPRENEURS ET LES ENTREPRISES INDIVIDUELLES DE LA R\u00c9GION DE MAASTRICHT.<\/h3>\n<h1 style=\"text-align: center;\">Cr\u00e9ez votre site web professionnel \u00e0 partir de 275 \u20ac<br \/>\n, y compris l&rsquo;h\u00e9bergement web et le nom de domaine gratuits pendant la premi\u00e8re ann\u00e9e !<\/h1>\n<\/div><div class=\"fusion-separator\" style=\"align-self: center;margin-left: auto;margin-right: auto;margin-top:0px;margin-bottom:20px;width:100%;max-width:50px;\"><div class=\"fusion-separator-border sep-single sep-solid\" style=\"--awb-height:20px;--awb-amount:20px;--awb-sep-color:#d8a706;border-color:#d8a706;border-top-width:1px;\"><\/div><\/div><div class=\"fusion-builder-row fusion-builder-row-inner fusion-row fusion-flex-align-items-flex-start fusion-flex-justify-content-space-around fusion-flex-content-wrap\" style=\"--awb-flex-grow:0;--awb-flex-grow-medium:0;--awb-flex-grow-small:0;--awb-flex-shrink:0;--awb-flex-shrink-medium:0;--awb-flex-shrink-small:0;width:calc( 100% + 0px ) !important;max-width:calc( 100% + 0px ) !important;margin-left: calc(-0px \/ 2 );margin-right: calc(-0px \/ 2 );\"><div class=\"fusion-layout-column fusion_builder_column_inner fusion-builder-nested-column-0 fusion_builder_column_inner_1_2 1_2 fusion-flex-column\" style=\"--awb-bg-size:cover;--awb-width-large:50%;--awb-margin-top-large:0px;--awb-spacing-right-large:15px;--awb-margin-bottom-large:20px;--awb-spacing-left-large:0px;--awb-width-medium:100%;--awb-order-medium:0;--awb-spacing-right-medium:0px;--awb-spacing-left-medium:0px;--awb-width-small:100%;--awb-order-small:0;--awb-spacing-right-small:0px;--awb-spacing-left-small:0px;\"><div class=\"fusion-column-wrapper fusion-column-has-shadow fusion-flex-justify-content-flex-start fusion-content-layout-column\"><div class=\"fusion-text fusion-text-2\" style=\"--awb-text-transform:none;\"><p><span class=\"fusion-dropcap dropcap dropcap-boxed\" style=\"--awb-border-radius:1px;\">B<\/span>ous \u00eates situ\u00e9 dans la r\u00e9gion de Maastricht et vous cherchez un moyen abordable de devenir visible en ligne avec un site web professionnel ? Nous avons de bonnes nouvelles pour vous ! <\/p>\n<p><strong>Nous proposons d\u00e9sormais un package de site web \u00e0 partir de 275 \u20ac, comprenant :<\/strong><\/p>\n<ul>\n<li>\u2705 Un site web sur mesure pour votre entreprise<\/li>\n<li>\u2705 <strong>Enregistrement de domaine<\/strong> et <strong>h\u00e9bergement web<\/strong> <strong>gratuits<\/strong> <strong>la premi\u00e8re ann\u00e9e<\/strong><\/li>\n<li>\u2705 Un design moderne conforme aux derni\u00e8res tendances en mati\u00e8re de conception de sites web<\/li>\n<li>\u2705 Optimisation compl\u00e8te des moteurs de recherche (SEO), afin que vous puissiez \u00eatre facilement trouv\u00e9 dans Google<\/li>\n<li>\u2705 Responsive design &#8211; votre site fonctionne parfaitement sur mobile, tablette et ordinateur de bureau.<\/li>\n<li>\u2705 S\u00e9curit\u00e9 : contr\u00f4les quotidiens des virus et des logiciels malveillants + surveillance 24\/7<\/li>\n<li>\u2705 Gestion de votre nom de domaine par des professionnels exp\u00e9riment\u00e9s<\/li>\n<li>\u2705 Nos d\u00e9veloppeurs PHP exp\u00e9riment\u00e9s vous aident \u00e0 r\u00e9pondre \u00e0 vos besoins sp\u00e9cifiques<\/li>\n<\/ul>\n<\/div><\/div><\/div><div class=\"fusion-layout-column fusion_builder_column_inner fusion-builder-nested-column-1 fusion_builder_column_inner_1_2 1_2 fusion-flex-column\" style=\"--awb-bg-size:cover;--awb-width-large:50%;--awb-margin-top-large:0px;--awb-spacing-right-large:0px;--awb-margin-bottom-large:20px;--awb-spacing-left-large:15px px;--awb-width-medium:100%;--awb-order-medium:0;--awb-spacing-right-medium:0px;--awb-spacing-left-medium:0px;--awb-width-small:100%;--awb-order-small:0;--awb-spacing-right-small:0px;--awb-spacing-left-small:0px;\"><div class=\"fusion-column-wrapper fusion-column-has-shadow fusion-flex-justify-content-flex-start fusion-content-layout-column\"><div class=\"fusion-text fusion-text-3\" style=\"--awb-text-transform:none;\"><p><strong>Pourquoi nous choisir ?<\/strong><br \/>\nDepuis 2008, nous cr\u00e9ons des sites web et des boutiques en ligne pour des entrepreneurs dans l&rsquo;ensemble des Pays-Bas et nous savons exactement ce qui fonctionne. Notre \u00e9quipe allie cr\u00e9ativit\u00e9 et expertise technique, et nos sites web donnent des r\u00e9sultats : plus de visiteurs, une meilleure localisation et une apparence en ligne professionnelle. <\/p>\n<p><strong>Que vous souhaitiez un simple site web ou une boutique en ligne \u00e9labor\u00e9e, avec nous, vous obtenez un design unique au meilleur rapport qualit\u00e9-prix des Pays-Bas.<\/strong><\/p>\n<p><strong>Avez-vous des exigences particuli\u00e8res ?<\/strong>  Rien ne nous est \u00e9tranger ! Pour les demandes sp\u00e9ciales, nous faisons appel \u00e0 des d\u00e9veloppeurs php externes.<br \/>\nNous offrons la meilleure combinaison de prix aux Pays-Bas pour l&rsquo;h\u00e9bergement de sites web exclusifs. La gestion de votre domaine est entre de bonnes mains chez nous et, en standard, votre site web est contr\u00f4l\u00e9 tous les jours contre les virus et les logiciels malveillants. <strong>Nous surveillons<\/strong> votre site web <strong>24 heures sur 24, 7 jours sur 7,<\/strong> pour des mesures de s\u00e9curit\u00e9 technique. <\/p>\n<p><a href=\"#pakketaanbiedingen\">Voir les offres forfaitaires ci-dessous :<\/a><\/p>\n<\/div><\/div><\/div><\/div><\/div><\/div><\/div><\/div><div id=\"offres group\u00e9es\" class=\"fusion-container-anchor\"><div class=\"fusion-fullwidth fullwidth-box fusion-builder-row-2 has-pattern-background has-mask-background nonhundred-percent-fullwidth non-hundred-percent-height-scrolling\" style=\"--awb-border-radius-top-left:0px;--awb-border-radius-top-right:0px;--awb-border-radius-bottom-right:0px;--awb-border-radius-bottom-left:0px;--awb-padding-bottom:0px;--awb-margin-top:0px;--awb-margin-bottom:;--awb-flex-wrap:wrap;\" ><div class=\"fusion-builder-row fusion-row\"><div class=\"fusion-layout-column fusion_builder_column fusion-builder-column-2 fusion_builder_column_1_2 1_2 fusion-one-half fusion-column-first\" style=\"--awb-padding-top:220px;--awb-padding-right:30px;--awb-padding-left:30px;--awb-bg-image:url(&#039;https:\/\/webdesign-service.nl\/wp-content\/uploads\/2021\/10\/nativesluck-in-vlak-mobile3.png&#039;);--awb-bg-position:center top;--awb-bg-size:cover;--awb-border-color:#e2e2e2;--awb-border-style:solid;--awb-margin-bottom:0px;width:50%;width:calc(50% - ( ( 4% ) * 0.5 ) );margin-right: 4%;\"><div class=\"fusion-column-wrapper fusion-column-has-shadow fusion-flex-column-wrapper-legacy fusion-column-has-bg-image\" data-bg-url=\"https:\/\/webdesign-service.nl\/wp-content\/uploads\/2021\/10\/nativesluck-in-vlak-mobile3.png\"><div class=\"fusion-content-boxes content-boxes columns row fusion-columns-1 fusion-columns-total-1 fusion-content-boxes-1 content-boxes-icon-with-title content-left\" style=\"--awb-backgroundcolor:#ffffff;--awb-hover-accent-color:#ff9800;--awb-circle-hover-accent-color:#ff9800;--awb-item-margin-bottom:40px;\" data-animationOffset=\"top-into-view\"><div style=\"--awb-backgroundcolor:#ffffff;\" class=\"fusion-column content-box-column content-box-column content-box-column-1 col-lg-12 col-md-12 col-sm-12 fusion-content-box-hover content-box-column-last content-box-column-last-in-row\"><div class=\"col content-box-wrapper content-wrapper-background link-area-link-icon link-type-button icon-hover-animation-fade\" data-animationOffset=\"top-into-view\"><div class=\"heading icon-left\"><a class=\"heading-link\" style=\"float:left;\" href=\"https:\/\/nativeslucktravel.com\" target=\"_blank\" rel=\"noopener noreferrer\"><h2 class=\"content-box-heading\" style=\"--h2_typography-font-size:18px;line-height:23px;\">SITE WEB DE BASE SANS CMS, H\u00c9BERGEMENT WEB INCLUS<\/h2><\/a><\/div><div class=\"fusion-clearfix\"><\/div><div class=\"content-container\">\n<p><strong>Sites web r\u00e9actifs de base sans CMS pour 275 euros*.<\/strong><br \/>\nCe site web de base est un <a href=\"https:\/\/nl.wikipedia.org\/wiki\/HTML5\" target=\"_blank\" rel=\"noopener\">site HTML5<\/a>, construit sans utiliser de mod\u00e8les existants. Les sites web sont donc de conception unique !<\/p>\n<p>Le<a href=\"https:\/\/en.wikipedia.org\/wiki\/Responsive_web_design\" target=\"_blank\" rel=\"noopener\">Responsive web design<\/a> signifie que ce site web se pr\u00e9sente de mani\u00e8re optimale sur tous les supports, qu&rsquo;il s&rsquo;agisse d&rsquo;un ordinateur de bureau, d&rsquo;une tablette ou d&rsquo;un smartphone.<\/p>\n<p><strong>Le prix de 275 \u20ac* s&rsquo;applique \u00e0 un site web de 4 pages, y compris. formulaire de contact, h\u00e9bergement et enregistrement de domaine.<\/strong><\/p>\n<p style=\"letter-spacing: 0px; font-size: 11px; text-align: left; margin-bottom: 0px;\"><em>*\/Les tarifs s&rsquo;appliquent uniquement \u00e0 Roermond et \u00e0 ses environs. Le prix de l&rsquo;h\u00e9bergement web et de l&rsquo;enregistrement du domaine est inclus pour la premi\u00e8re ann\u00e9e, apr\u00e8s quoi le tarif normal s&rsquo;applique. Le prix ne comprend pas la TVA.<\/em><\/p>\n<\/div><div class=\"fusion-clearfix\"><\/div><a class=\"fusion-read-more-button fusion-content-box-button fusion-button button-default fusion-button-default-size button- button-flat\" style=\"float:left;\" href=\"https:\/\/nativeslucktravel.com\" target=\"_blank\" rel=\"noopener noreferrer\"><span class=\"fusion-button-text\">VOIR UN EXEMPLE<\/span><\/a><div class=\"fusion-clearfix\"><\/div><\/div><\/div><div class=\"fusion-clearfix\"><\/div><\/div><div class=\"fusion-clearfix\"><\/div><\/div><\/div><div class=\"fusion-layout-column fusion_builder_column fusion-builder-column-3 fusion_builder_column_1_2 1_2 fusion-one-half fusion-column-last\" style=\"--awb-padding-top:220px;--awb-padding-right:30px;--awb-padding-left:30px;--awb-bg-image:url(&#039;https:\/\/webdesign-service.nl\/wp-content\/uploads\/2022\/03\/images-in-vlak-lash1500.png&#039;);--awb-bg-position:center top;--awb-bg-size:cover;--awb-border-color:#e2e2e2;--awb-border-style:solid;--awb-margin-bottom:0px;width:50%;width:calc(50% - ( ( 4% ) * 0.5 ) );\"><div class=\"fusion-column-wrapper fusion-column-has-shadow fusion-flex-column-wrapper-legacy fusion-column-has-bg-image\" data-bg-url=\"https:\/\/webdesign-service.nl\/wp-content\/uploads\/2022\/03\/images-in-vlak-lash1500.png\"><div class=\"fusion-content-boxes content-boxes columns row fusion-columns-1 fusion-columns-total-1 fusion-content-boxes-2 content-boxes-icon-with-title content-left\" style=\"--awb-backgroundcolor:#ffffff;--awb-hover-accent-color:#ff9800;--awb-circle-hover-accent-color:#ff9800;--awb-item-margin-bottom:40px;\" data-animationOffset=\"top-into-view\"><div style=\"--awb-backgroundcolor:#ffffff;\" class=\"fusion-column content-box-column content-box-column content-box-column-1 col-lg-12 col-md-12 col-sm-12 fusion-content-box-hover content-box-column-last content-box-column-last-in-row\"><div class=\"col content-box-wrapper content-wrapper-background link-area-link-icon link-type-button icon-hover-animation-fade\" data-animationOffset=\"top-into-view\"><div class=\"heading icon-left\"><a class=\"heading-link\" style=\"float:left;\" href=\"https:\/\/lashconcurrent.com\" target=\"_blank\" rel=\"noopener noreferrer\"><h2 class=\"content-box-heading\" style=\"--h2_typography-font-size:18px;line-height:23px;\">SITE WEB WORDPRESS AVEC H\u00c9BERGEMENT WEB<\/h2><\/a><\/div><div class=\"fusion-clearfix\"><\/div><div class=\"content-container\">\n<p><strong>Sites web WordPress avec CMS pour 475 euros*.<\/strong><br \/>\nLes sites web WordPress sont des sites web professionnels que vous pouvez g\u00e9rer vous-m\u00eame via <a href=\"https:\/\/en.wikipedia.org\/wiki\/Content_management_system\" target=\"_blank\" rel=\"noopener\">un CMS.<\/a><\/p>\n<p>Avec un site WordPress, vous disposez de nombreuses possibilit\u00e9s de modification et\/ou d&rsquo;extension. Cela est d\u00fb au fait qu&rsquo;il existe de nombreux plugins (composants logiciels) \u00e9crits pour les sites Web WordPress.<\/p>\n<p><strong>Le prix de \u20ac475* est pour un site web WordPress d&rsquo;une page, y compris. h\u00e9bergement et enregistrement de domaines.<\/strong><\/p>\n<p style=\"letter-spacing: 0px; font-size: 11px; text-align: left; margin-bottom: 0px;\"><em>*\/Les tarifs ne s&rsquo;appliquent qu&rsquo;\u00e0 Roermond et aux environs ! Le prix de l&rsquo;h\u00e9bergement web et de l&rsquo;enregistrement du domaine est inclus pour la premi\u00e8re ann\u00e9e, apr\u00e8s quoi le tarif normal s&rsquo;applique. Le prix ne comprend pas la TVA.<\/em><\/p>\n<\/div><div class=\"fusion-clearfix\"><\/div><a class=\"fusion-read-more-button fusion-content-box-button fusion-button button-default fusion-button-default-size button- button-flat\" style=\"float:left;\" href=\"https:\/\/lashconcurrent.com\" target=\"_blank\" rel=\"noopener noreferrer\"><span class=\"fusion-button-text\">VOIR UN EXEMPLE<\/span><\/a><div class=\"fusion-clearfix\"><\/div><\/div><\/div><div class=\"fusion-clearfix\"><\/div><\/div><div class=\"fusion-clearfix\"><\/div><\/div><\/div><div class=\"fusion-layout-column fusion_builder_column fusion-builder-column-4 fusion_builder_column_1_1 1_1 fusion-one-full fusion-column-first fusion-column-last\" style=\"--awb-bg-size:cover;\" data-scroll-devices=\"small-visibility,medium-visibility,large-visibility\"><div class=\"fusion-column-wrapper fusion-column-has-shadow fusion-flex-column-wrapper-legacy\"><div class=\"fusion-sep-clear\"><\/div><div class=\"fusion-separator fusion-full-width-sep\" style=\"margin-left: auto;margin-right: auto;margin-top:40px;width:100%;\"><\/div><div class=\"fusion-sep-clear\"><\/div><div class=\"fusion-alert alert custom alert-custom fusion-alert-left fusion-alert-capitalize awb-alert-native-link-color alert-shadow\" style=\"--awb-background-color:#ffffff;--awb-accent-color:#808080;--awb-border-size:1px;--awb-border-top-left-radius:0px;--awb-border-top-right-radius:0px;--awb-border-bottom-left-radius:0px;--awb-border-bottom-right-radius:0px;\" role=\"alert\"><div class=\"fusion-alert-content-wrapper\"><span class=\"alert-icon\"><i class=\"fa-exclamation-circle fas\" aria-hidden=\"true\"><\/i><\/span><span class=\"fusion-alert-content\"><p><span style=\"color: #000000;\">Identit\u00e9 visuelle et logo \u00e0 partir de 175 euros*<\/span><br \/>\nNous pouvons \u00e9galement cr\u00e9er pour vous votre identit\u00e9 visuelle et votre logo, ainsi que des d\u00e9pliants et du mat\u00e9riel publicitaire. <a href=\"https:\/\/webdesign-service.nl\/contactformulier\/\" target=\"_self\" rel=\"noopener\">Vous souhaitez en savoir plus ?<\/a> Contactez-nous ou consultez notre <a href=\"https:\/\/webdesign-service.nl\/questions-et-reponses-sur-le-webdesign-hollande\/?lang=fr\" target=\"_self\" rel=\"noopener\"> liste de questions et r\u00e9ponses !<\/a><\/p>\n<p style=\"letter-spacing: 0px; font-size: 11px; text-align: left; margin-bottom: 0px;\"><em>*\/Le prix ne s&rsquo;applique qu&rsquo;\u00e0 la r\u00e9gion de Maastricht et lorsque vous nous confiez la cr\u00e9ation et l&rsquo;h\u00e9bergement de votre site web.<\/em><\/p><\/span><\/div><\/div><div class=\"fusion-clearfix\"><\/div><\/div><\/div><\/div><\/div><\/div><\/p>\n","protected":false},"excerpt":{"rendered":"","protected":false},"author":1,"featured_media":0,"parent":0,"menu_order":13,"comment_status":"closed","ping_status":"closed","template":"100-width.php","meta":{"footnotes":""},"class_list":["post-13899","page","type-page","status-publish","hentry"],"_links":{"self":[{"href":"https:\/\/webdesign-service.nl\/fr\/wp-json\/wp\/v2\/pages\/13899","targetHints":{"allow":["GET"]}}],"collection":[{"href":"https:\/\/webdesign-service.nl\/fr\/wp-json\/wp\/v2\/pages"}],"about":[{"href":"https:\/\/webdesign-service.nl\/fr\/wp-json\/wp\/v2\/types\/page"}],"author":[{"embeddable":true,"href":"https:\/\/webdesign-service.nl\/fr\/wp-json\/wp\/v2\/users\/1"}],"replies":[{"embeddable":true,"href":"https:\/\/webdesign-service.nl\/fr\/wp-json\/wp\/v2\/comments?post=13899"}],"version-history":[{"count":0,"href":"https:\/\/webdesign-service.nl\/fr\/wp-json\/wp\/v2\/pages\/13899\/revisions"}],"wp:attachment":[{"href":"https:\/\/webdesign-service.nl\/fr\/wp-json\/wp\/v2\/media?parent=13899"}],"curies":[{"name":"wp","href":"https:\/\/api.w.org\/{rel}","templated":true}]}}