{"id":6786,"date":"2021-09-29T00:42:03","date_gmt":"2021-09-28T22:42:03","guid":{"rendered":"https:\/\/webdesign-website-maken.nl\/disclaimer-conditions-generales-declaration-de-confidentialite-le-tigre-webdesign-holland\/"},"modified":"2025-08-13T22:14:25","modified_gmt":"2025-08-13T20:14:25","slug":"disclaimer-conditions-generales-declaration-de-confidentialite-le-tigre-webdesign-holland","status":"publish","type":"page","link":"https:\/\/webdesign-service.nl\/fr\/disclaimer-conditions-generales-declaration-de-confidentialite-le-tigre-webdesign-holland\/","title":{"rendered":"Disclaimer &#8211; Conditions g\u00e9n\u00e9rales &#8211; D\u00e9claration de confidentialit\u00e9 : Le Tigre Webdesign Holland"},"content":{"rendered":"<p><div class=\"fusion-fullwidth fullwidth-box fusion-builder-row-1 fusion-flex-container nonhundred-percent-fullwidth non-hundred-percent-height-scrolling\" style=\"--awb-border-radius-top-left:0px;--awb-border-radius-top-right:0px;--awb-border-radius-bottom-right:0px;--awb-border-radius-bottom-left:0px;--awb-background-color:var(--awb-color1);--awb-flex-wrap:wrap;\" ><div class=\"fusion-builder-row fusion-row fusion-flex-align-items-flex-start fusion-flex-content-wrap\" style=\"max-width:1144px;margin-left: calc(-4% \/ 2 );margin-right: calc(-4% \/ 2 );\"><div class=\"fusion-layout-column fusion_builder_column fusion-builder-column-0 fusion_builder_column_1_1 1_1 fusion-flex-column\" style=\"--awb-bg-color:var(--awb-color1);--awb-bg-color-hover:var(--awb-color1);--awb-bg-size:cover;--awb-width-large:100%;--awb-margin-top-large:0px;--awb-spacing-right-large:1.92%;--awb-margin-bottom-large:20px;--awb-spacing-left-large:1.92%;--awb-width-medium:100%;--awb-order-medium:0;--awb-spacing-right-medium:1.92%;--awb-spacing-left-medium:1.92%;--awb-width-small:100%;--awb-order-small:0;--awb-spacing-right-small:1.92%;--awb-spacing-left-small:1.92%;\"><div class=\"fusion-column-wrapper fusion-column-has-shadow fusion-flex-justify-content-flex-start fusion-content-layout-column\"><div class=\"fusion-text fusion-text-1\" style=\"--awb-text-transform:none;\"><h1 style=\"margin-bottom: 0px; text-align: center;\">D\u00c9CLARATION DE CONFIDENTIALIT\u00c9 LE TIGRE WEBDESIGN MAASTRICHT<\/h1>\n<\/div><\/div><\/div><\/div><\/div><div class=\"fusion-fullwidth fullwidth-box fusion-builder-row-2 fusion-flex-container nonhundred-percent-fullwidth non-hundred-percent-height-scrolling\" style=\"--awb-border-radius-top-left:0px;--awb-border-radius-top-right:0px;--awb-border-radius-bottom-right:0px;--awb-border-radius-bottom-left:0px;--awb-flex-wrap:wrap;\" ><div class=\"fusion-builder-row fusion-row fusion-flex-align-items-flex-start fusion-flex-content-wrap\" style=\"max-width:1144px;margin-left: calc(-4% \/ 2 );margin-right: calc(-4% \/ 2 );\"><div class=\"fusion-layout-column fusion_builder_column fusion-builder-column-1 fusion_builder_column_1_1 1_1 fusion-flex-column\" style=\"--awb-bg-size:cover;--awb-width-large:100%;--awb-margin-top-large:0px;--awb-spacing-right-large:1.92%;--awb-margin-bottom-large:0px;--awb-spacing-left-large:1.92%;--awb-width-medium:100%;--awb-spacing-right-medium:1.92%;--awb-spacing-left-medium:1.92%;--awb-width-small:100%;--awb-spacing-right-small:1.92%;--awb-spacing-left-small:1.92%;\"><div class=\"fusion-column-wrapper fusion-flex-justify-content-flex-start fusion-content-layout-column\"><div class=\"fusion-text fusion-text-2\"><p><strong>Le Tigre Webdesign Holland<\/strong> s&rsquo;efforce de vous informer aussi compl\u00e8tement et correctement que possible par le biais de ce site web. Malgr\u00e9 cette pr\u00e9occupation, certaines informations peuvent \u00eatre incorrectes, incompl\u00e8tes ou expir\u00e9es.<br \/>\nPar cons\u00e9quent, vous ne pouvez pas tirer de droits \u00e0 partir des informations fournies sur ce site. Pour des informations sp\u00e9cifiques et certaines, vous pouvez toujours nous contacter.<br \/>\nWebdesign Holland n&rsquo;accepte aucune responsabilit\u00e9 pour les dommages caus\u00e9s par l&rsquo;utilisation des informations donn\u00e9es sur ce site web.<\/p>\n<p>Sans autorisation \u00e9crite, il n\u2019est pas permis de modifier, de rendre publics et\/ou de r\u00e9problem des images graphiques et\/ou des textes de ce site sous quelque forme que ce soit.<br \/>\nLes fichiers sources sont et resteront toujours la propri\u00e9t\u00e9 de Webdesign Holland.<br \/>\nSi, apr\u00e8s qu&rsquo;une commande a \u00e9t\u00e9 convenue, verbalement ou par \u00e9crit, pour quelque raison que ce soit, le travail convenu n&rsquo;est pas ex\u00e9cut\u00e9, au moins 50% du montant convenu sera factur\u00e9. L&rsquo;enregistrement du domaine et l&rsquo;h\u00e9bergement doivent bien s\u00fbr \u00eatre pay\u00e9s en totalit\u00e9. <a href=\"https:\/\/letigre.nl\/_download\/_download\/prizes-conditions-webhosting-letigre.pdf\" target=\"_blank\" rel=\"noopener\">T\u00e9l\u00e9charger les prix\/conditions.<\/a><\/p>\n<p><strong>D\u00e9claration de confidentialit\u00e9 :<\/strong> Nous ne recueillons que les informations personnelles suivantes sur les visiteurs et les utilisateurs de nos sites, telles que : les noms d&rsquo;utilisateur, les noms de membre, les adresses e-mail, les adresses IP et les coordonn\u00e9es.<\/p>\n<p>Nous recueillons ces informations personnelles lorsque vous nous les fournissez vous-m\u00eame ou automatiquement lorsque vous naviguez sur nos sites ou par d&rsquo;autres personnes lorsque vous utilisez des services li\u00e9s \u00e0 nos sites.<br \/>\nNous recueillons \u00e9galement vos donn\u00e9es personnelles lorsque vous nous les fournissez, lorsque vous remplissez un formulaire d&rsquo;inscription et achetez des articles ou des services sur nos sites, que vous vous abonnez \u00e0 une lettre d&rsquo;information ou \u00e0 une liste de diffusion, que vous nous faites part de vos commentaires, que vous participez \u00e0 un concours ou que vous r\u00e9pondez \u00e0 une enqu\u00eate. En outre, nous traiterons toujours vos informations personnelles avec respect et ne ferons jamais un usage abusif des informations partag\u00e9es. Vous pouvez \u00e0 tout moment annuler votre inscription via notre bulletin d&rsquo;information ou notre formulaire de contact en utilisant un lien \u00ab\u00a0d\u00e9sinscription\u00a0\u00bb ou \u00ab\u00a0g\u00e9rer votre abonnement\u00a0\u00bb.<\/p>\n<\/div><\/div><\/div><\/div><\/div><\/p>\n","protected":false},"excerpt":{"rendered":"","protected":false},"author":1,"featured_media":0,"parent":0,"menu_order":26,"comment_status":"closed","ping_status":"closed","template":"","meta":{"_acf_changed":false,"rs_blank_template":"","rs_page_bg_color":"","slide_template_v7":"","footnotes":""},"class_list":["post-6786","page","type-page","status-publish","hentry"],"acf":[],"aioseo_notices":[],"aioseo_head":"\n\t\t<!-- All in One SEO Pro 4.9.6.2 - aioseo.com -->\n\t<meta name=\"description\" content=\"D\u00c9CLARATION DE CONFIDENTIALIT\u00c9 LE TIGRE WEBDESIGN MAASTRICHT Le Tigre Webdesign Holland s\u2019efforce de vous informer aussi compl\u00e8tement et correctement que possible par le biais de ce site web. Malgr\u00e9 cette pr\u00e9occupation, certaines informations peuvent \u00eatre incorrectes, incompl\u00e8tes ou expir\u00e9es. Par cons\u00e9quent, vous ne pouvez pas tirer de droits \u00e0 partir des informations fournies sur ce\" \/>\n\t<meta name=\"robots\" content=\"max-image-preview:large\" \/>\n\t<meta name=\"google-site-verification\" content=\"Aj660k47f84_KXUUYYe78Cfat48mLZO2jmkRLz-pOBU\" \/>\n\t<meta name=\"msvalidate.01\" content=\"119F2BFF9FD71D79FE46E614478E85E9\" \/>\n\t<meta name=\"yandex-verification\" content=\"yandex_e75fc873b422677d.html\" \/>\n\t<link rel=\"canonical\" href=\"https:\/\/webdesign-service.nl\/fr\/disclaimer-conditions-generales-declaration-de-confidentialite-le-tigre-webdesign-holland\/\" \/>\n\t<meta name=\"generator\" content=\"All in One SEO Pro (AIOSEO) 4.9.6.2\" \/>\n\t\t<meta property=\"og:locale\" content=\"fr_FR\" \/>\n\t\t<meta property=\"og:site_name\" content=\"Webdesign Maastricht \u2013 Responsive en SEO-proof websites op maat\" \/>\n\t\t<meta property=\"og:type\" content=\"article\" \/>\n\t\t<meta property=\"og:title\" content=\"Disclaimer \u2013 Conditions g\u00e9n\u00e9rales \u2013 D\u00e9claration de confidentialit\u00e9 : Le Tigre Webdesign Holland - Webdesign Maastricht \u2013 Responsive en SEO-proof websites op maat\" \/>\n\t\t<meta property=\"og:description\" content=\"D\u00c9CLARATION DE CONFIDENTIALIT\u00c9 LE TIGRE WEBDESIGN MAASTRICHT Le Tigre Webdesign Holland s\u2019efforce de vous informer aussi compl\u00e8tement et correctement que possible par le biais de ce site web. Malgr\u00e9 cette pr\u00e9occupation, certaines informations peuvent \u00eatre incorrectes, incompl\u00e8tes ou expir\u00e9es. Par cons\u00e9quent, vous ne pouvez pas tirer de droits \u00e0 partir des informations fournies sur ce\" \/>\n\t\t<meta property=\"og:url\" content=\"https:\/\/webdesign-service.nl\/fr\/disclaimer-conditions-generales-declaration-de-confidentialite-le-tigre-webdesign-holland\/\" \/>\n\t\t<meta property=\"og:image\" content=\"https:\/\/webdesign-service.nl\/wp-content\/uploads\/2022\/02\/letigre-services.png\" \/>\n\t\t<meta property=\"og:image:secure_url\" content=\"https:\/\/webdesign-service.nl\/wp-content\/uploads\/2022\/02\/letigre-services.png\" \/>\n\t\t<meta property=\"og:image:width\" content=\"1024\" \/>\n\t\t<meta property=\"og:image:height\" content=\"1024\" \/>\n\t\t<meta property=\"article:published_time\" content=\"2021-09-28T22:42:03+00:00\" \/>\n\t\t<meta property=\"article:modified_time\" content=\"2025-08-13T20:14:25+00:00\" \/>\n\t\t<meta property=\"article:publisher\" content=\"https:\/\/www.facebook.com\/letigrenl\/\" \/>\n\t\t<meta name=\"twitter:card\" content=\"summary\" \/>\n\t\t<meta name=\"twitter:site\" content=\"@letigrenl\" \/>\n\t\t<meta name=\"twitter:title\" content=\"Disclaimer \u2013 Conditions g\u00e9n\u00e9rales \u2013 D\u00e9claration de confidentialit\u00e9 : Le Tigre Webdesign Holland - Webdesign Maastricht \u2013 Responsive en SEO-proof websites op maat\" \/>\n\t\t<meta name=\"twitter:description\" content=\"D\u00c9CLARATION DE CONFIDENTIALIT\u00c9 LE TIGRE WEBDESIGN MAASTRICHT Le Tigre Webdesign Holland s\u2019efforce de vous informer aussi compl\u00e8tement et correctement que possible par le biais de ce site web. Malgr\u00e9 cette pr\u00e9occupation, certaines informations peuvent \u00eatre incorrectes, incompl\u00e8tes ou expir\u00e9es. Par cons\u00e9quent, vous ne pouvez pas tirer de droits \u00e0 partir des informations fournies sur ce\" \/>\n\t\t<meta name=\"twitter:creator\" content=\"@letigrenl\" \/>\n\t\t<meta name=\"twitter:image\" content=\"https:\/\/webdesign-service.nl\/wp-content\/uploads\/2022\/02\/letigre-services.png\" \/>\n\t\t<script type=\"application\/ld+json\" class=\"aioseo-schema\">\n\t\t\t{\"@context\":\"https:\\\/\\\/schema.org\",\"@graph\":[{\"@type\":\"BreadcrumbList\",\"@id\":\"https:\\\/\\\/webdesign-service.nl\\\/fr\\\/disclaimer-conditions-generales-declaration-de-confidentialite-le-tigre-webdesign-holland\\\/#breadcrumblist\",\"itemListElement\":[{\"@type\":\"ListItem\",\"@id\":\"https:\\\/\\\/webdesign-service.nl\\\/fr\\\/#listItem\",\"position\":1,\"name\":\"Home\",\"item\":\"https:\\\/\\\/webdesign-service.nl\\\/fr\\\/\",\"nextItem\":{\"@type\":\"ListItem\",\"@id\":\"https:\\\/\\\/webdesign-service.nl\\\/fr\\\/disclaimer-conditions-generales-declaration-de-confidentialite-le-tigre-webdesign-holland\\\/#listItem\",\"name\":\"Disclaimer &#8211; Conditions g\\u00e9n\\u00e9rales &#8211; D\\u00e9claration de confidentialit\\u00e9 : Le Tigre Webdesign Holland\"}},{\"@type\":\"ListItem\",\"@id\":\"https:\\\/\\\/webdesign-service.nl\\\/fr\\\/disclaimer-conditions-generales-declaration-de-confidentialite-le-tigre-webdesign-holland\\\/#listItem\",\"position\":2,\"name\":\"Disclaimer &#8211; Conditions g\\u00e9n\\u00e9rales &#8211; D\\u00e9claration de confidentialit\\u00e9 : Le Tigre Webdesign Holland\",\"previousItem\":{\"@type\":\"ListItem\",\"@id\":\"https:\\\/\\\/webdesign-service.nl\\\/fr\\\/#listItem\",\"name\":\"Home\"}}]},{\"@type\":\"Organization\",\"@id\":\"https:\\\/\\\/webdesign-service.nl\\\/fr\\\/#organization\",\"name\":\"Webdesign Holland Le Tigre webdesign service voor websites\",\"description\":\"Professioneel webdesign in Maastricht \\u2013 topkwaliteit voor de beste prijs.\",\"url\":\"https:\\\/\\\/webdesign-service.nl\\\/fr\\\/\",\"email\":\"rob.snijders@letigre.nl\",\"telephone\":\"+31614198039\",\"logo\":{\"@type\":\"ImageObject\",\"url\":\"https:\\\/\\\/webdesign-service.nl\\\/wp-content\\\/uploads\\\/2021\\\/12\\\/LeTigre-logo.png\",\"@id\":\"https:\\\/\\\/webdesign-service.nl\\\/fr\\\/disclaimer-conditions-generales-declaration-de-confidentialite-le-tigre-webdesign-holland\\\/#organizationLogo\",\"width\":1027,\"height\":324,\"caption\":\"Webdesign Maastricht - website laten maken\"},\"image\":{\"@id\":\"https:\\\/\\\/webdesign-service.nl\\\/fr\\\/disclaimer-conditions-generales-declaration-de-confidentialite-le-tigre-webdesign-holland\\\/#organizationLogo\"},\"sameAs\":[\"https:\\\/\\\/www.facebook.com\\\/letigrenl\\\/\",\"https:\\\/\\\/twitter.com\\\/letigrenl\",\"https:\\\/\\\/www.instagram.com\\\/rob.snijders\\\/\",\"https:\\\/\\\/nl.pinterest.com\\\/rob4259\\\/\",\"https:\\\/\\\/www.linkedin.com\\\/in\\\/letigrenl\"],\"address\":{\"@id\":\"https:\\\/\\\/webdesign-service.nl\\\/fr\\\/#postaladdress\",\"@type\":\"PostalAddress\",\"streetAddress\":\"Plein 1992 35H,\",\"postalCode\":\"6221JP\",\"addressLocality\":\"Maastricht\",\"addressRegion\":\"Limburg\",\"addressCountry\":\"NL\"},\"taxID\":\"BTW\",\"vatID\":\"NL001282721B39\"},{\"@type\":\"WebPage\",\"@id\":\"https:\\\/\\\/webdesign-service.nl\\\/fr\\\/disclaimer-conditions-generales-declaration-de-confidentialite-le-tigre-webdesign-holland\\\/#webpage\",\"url\":\"https:\\\/\\\/webdesign-service.nl\\\/fr\\\/disclaimer-conditions-generales-declaration-de-confidentialite-le-tigre-webdesign-holland\\\/\",\"name\":\"Disclaimer \\u2013 Conditions g\\u00e9n\\u00e9rales \\u2013 D\\u00e9claration de confidentialit\\u00e9 : Le Tigre Webdesign Holland - Webdesign Maastricht \\u2013 Responsive en SEO-proof websites op maat\",\"description\":\"D\\u00c9CLARATION DE CONFIDENTIALIT\\u00c9 LE TIGRE WEBDESIGN MAASTRICHT Le Tigre Webdesign Holland s\\u2019efforce de vous informer aussi compl\\u00e8tement et correctement que possible par le biais de ce site web. Malgr\\u00e9 cette pr\\u00e9occupation, certaines informations peuvent \\u00eatre incorrectes, incompl\\u00e8tes ou expir\\u00e9es. Par cons\\u00e9quent, vous ne pouvez pas tirer de droits \\u00e0 partir des informations fournies sur ce\",\"inLanguage\":\"fr-FR\",\"isPartOf\":{\"@id\":\"https:\\\/\\\/webdesign-service.nl\\\/fr\\\/#website\"},\"breadcrumb\":{\"@id\":\"https:\\\/\\\/webdesign-service.nl\\\/fr\\\/disclaimer-conditions-generales-declaration-de-confidentialite-le-tigre-webdesign-holland\\\/#breadcrumblist\"},\"datePublished\":\"2021-09-29T00:42:03+02:00\",\"dateModified\":\"2025-08-13T22:14:25+02:00\"},{\"@type\":\"WebSite\",\"@id\":\"https:\\\/\\\/webdesign-service.nl\\\/fr\\\/#website\",\"url\":\"https:\\\/\\\/webdesign-service.nl\\\/fr\\\/\",\"name\":\"Webdesign Holland - Webdesign service - Seo optimized\",\"description\":\"Professioneel webdesign in Maastricht \\u2013 topkwaliteit voor de beste prijs.\",\"inLanguage\":\"fr-FR\",\"publisher\":{\"@id\":\"https:\\\/\\\/webdesign-service.nl\\\/fr\\\/#organization\"}}]}\n\t\t<\/script>\n\t\t<!-- All in One SEO Pro -->\r\n\t\t<title>Disclaimer \u2013 Conditions g\u00e9n\u00e9rales \u2013 D\u00e9claration de confidentialit\u00e9 : Le Tigre Webdesign Holland - Webdesign Maastricht \u2013 Responsive en SEO-proof websites op maat<\/title>\n\n","aioseo_head_json":{"title":"Disclaimer \u2013 Conditions g\u00e9n\u00e9rales \u2013 D\u00e9claration de confidentialit\u00e9 : Le Tigre Webdesign Holland - Webdesign Maastricht \u2013 Responsive en SEO-proof websites op maat","description":"D\u00c9CLARATION DE CONFIDENTIALIT\u00c9 LE TIGRE WEBDESIGN MAASTRICHT Le Tigre Webdesign Holland s\u2019efforce de vous informer aussi compl\u00e8tement et correctement que possible par le biais de ce site web. Malgr\u00e9 cette pr\u00e9occupation, certaines informations peuvent \u00eatre incorrectes, incompl\u00e8tes ou expir\u00e9es. Par cons\u00e9quent, vous ne pouvez pas tirer de droits \u00e0 partir des informations fournies sur ce","canonical_url":"https:\/\/webdesign-service.nl\/fr\/disclaimer-conditions-generales-declaration-de-confidentialite-le-tigre-webdesign-holland\/","robots":"max-image-preview:large","keywords":"","webmasterTools":{"google-site-verification":"Aj660k47f84_KXUUYYe78Cfat48mLZO2jmkRLz-pOBU","msvalidate.01":"119F2BFF9FD71D79FE46E614478E85E9","yandex-verification":"yandex_e75fc873b422677d.html","miscellaneous":""},"schema":{"@context":"https:\/\/schema.org","@graph":[{"@type":"BreadcrumbList","@id":"https:\/\/webdesign-service.nl\/fr\/disclaimer-conditions-generales-declaration-de-confidentialite-le-tigre-webdesign-holland\/#breadcrumblist","itemListElement":[{"@type":"ListItem","@id":"https:\/\/webdesign-service.nl\/fr\/#listItem","position":1,"name":"Home","item":"https:\/\/webdesign-service.nl\/fr\/","nextItem":{"@type":"ListItem","@id":"https:\/\/webdesign-service.nl\/fr\/disclaimer-conditions-generales-declaration-de-confidentialite-le-tigre-webdesign-holland\/#listItem","name":"Disclaimer &#8211; Conditions g\u00e9n\u00e9rales &#8211; D\u00e9claration de confidentialit\u00e9 : Le Tigre Webdesign Holland"}},{"@type":"ListItem","@id":"https:\/\/webdesign-service.nl\/fr\/disclaimer-conditions-generales-declaration-de-confidentialite-le-tigre-webdesign-holland\/#listItem","position":2,"name":"Disclaimer &#8211; Conditions g\u00e9n\u00e9rales &#8211; D\u00e9claration de confidentialit\u00e9 : Le Tigre Webdesign Holland","previousItem":{"@type":"ListItem","@id":"https:\/\/webdesign-service.nl\/fr\/#listItem","name":"Home"}}]},{"@type":"Organization","@id":"https:\/\/webdesign-service.nl\/fr\/#organization","name":"Webdesign Holland Le Tigre webdesign service voor websites","description":"Professioneel webdesign in Maastricht \u2013 topkwaliteit voor de beste prijs.","url":"https:\/\/webdesign-service.nl\/fr\/","email":"rob.snijders@letigre.nl","telephone":"+31614198039","logo":{"@type":"ImageObject","url":"https:\/\/webdesign-service.nl\/wp-content\/uploads\/2021\/12\/LeTigre-logo.png","@id":"https:\/\/webdesign-service.nl\/fr\/disclaimer-conditions-generales-declaration-de-confidentialite-le-tigre-webdesign-holland\/#organizationLogo","width":1027,"height":324,"caption":"Webdesign Maastricht - website laten maken"},"image":{"@id":"https:\/\/webdesign-service.nl\/fr\/disclaimer-conditions-generales-declaration-de-confidentialite-le-tigre-webdesign-holland\/#organizationLogo"},"sameAs":["https:\/\/www.facebook.com\/letigrenl\/","https:\/\/twitter.com\/letigrenl","https:\/\/www.instagram.com\/rob.snijders\/","https:\/\/nl.pinterest.com\/rob4259\/","https:\/\/www.linkedin.com\/in\/letigrenl"],"address":{"@id":"https:\/\/webdesign-service.nl\/fr\/#postaladdress","@type":"PostalAddress","streetAddress":"Plein 1992 35H,","postalCode":"6221JP","addressLocality":"Maastricht","addressRegion":"Limburg","addressCountry":"NL"},"taxID":"BTW","vatID":"NL001282721B39"},{"@type":"WebPage","@id":"https:\/\/webdesign-service.nl\/fr\/disclaimer-conditions-generales-declaration-de-confidentialite-le-tigre-webdesign-holland\/#webpage","url":"https:\/\/webdesign-service.nl\/fr\/disclaimer-conditions-generales-declaration-de-confidentialite-le-tigre-webdesign-holland\/","name":"Disclaimer \u2013 Conditions g\u00e9n\u00e9rales \u2013 D\u00e9claration de confidentialit\u00e9 : Le Tigre Webdesign Holland - Webdesign Maastricht \u2013 Responsive en SEO-proof websites op maat","description":"D\u00c9CLARATION DE CONFIDENTIALIT\u00c9 LE TIGRE WEBDESIGN MAASTRICHT Le Tigre Webdesign Holland s\u2019efforce de vous informer aussi compl\u00e8tement et correctement que possible par le biais de ce site web. Malgr\u00e9 cette pr\u00e9occupation, certaines informations peuvent \u00eatre incorrectes, incompl\u00e8tes ou expir\u00e9es. Par cons\u00e9quent, vous ne pouvez pas tirer de droits \u00e0 partir des informations fournies sur ce","inLanguage":"fr-FR","isPartOf":{"@id":"https:\/\/webdesign-service.nl\/fr\/#website"},"breadcrumb":{"@id":"https:\/\/webdesign-service.nl\/fr\/disclaimer-conditions-generales-declaration-de-confidentialite-le-tigre-webdesign-holland\/#breadcrumblist"},"datePublished":"2021-09-29T00:42:03+02:00","dateModified":"2025-08-13T22:14:25+02:00"},{"@type":"WebSite","@id":"https:\/\/webdesign-service.nl\/fr\/#website","url":"https:\/\/webdesign-service.nl\/fr\/","name":"Webdesign Holland - Webdesign service - Seo optimized","description":"Professioneel webdesign in Maastricht \u2013 topkwaliteit voor de beste prijs.","inLanguage":"fr-FR","publisher":{"@id":"https:\/\/webdesign-service.nl\/fr\/#organization"}}]},"og:locale":"fr_FR","og:site_name":"Webdesign Maastricht \u2013 Responsive en SEO-proof websites op maat","og:type":"article","og:title":"Disclaimer \u2013 Conditions g\u00e9n\u00e9rales \u2013 D\u00e9claration de confidentialit\u00e9 : Le Tigre Webdesign Holland - Webdesign Maastricht \u2013 Responsive en SEO-proof websites op maat","og:description":"D\u00c9CLARATION DE CONFIDENTIALIT\u00c9 LE TIGRE WEBDESIGN MAASTRICHT Le Tigre Webdesign Holland s\u2019efforce de vous informer aussi compl\u00e8tement et correctement que possible par le biais de ce site web. Malgr\u00e9 cette pr\u00e9occupation, certaines informations peuvent \u00eatre incorrectes, incompl\u00e8tes ou expir\u00e9es. Par cons\u00e9quent, vous ne pouvez pas tirer de droits \u00e0 partir des informations fournies sur ce","og:url":"https:\/\/webdesign-service.nl\/fr\/disclaimer-conditions-generales-declaration-de-confidentialite-le-tigre-webdesign-holland\/","og:image":"https:\/\/webdesign-service.nl\/wp-content\/uploads\/2022\/02\/letigre-services.png","og:image:secure_url":"https:\/\/webdesign-service.nl\/wp-content\/uploads\/2022\/02\/letigre-services.png","og:image:width":1024,"og:image:height":1024,"article:published_time":"2021-09-28T22:42:03+00:00","article:modified_time":"2025-08-13T20:14:25+00:00","article:publisher":"https:\/\/www.facebook.com\/letigrenl\/","twitter:card":"summary","twitter:site":"@letigrenl","twitter:title":"Disclaimer \u2013 Conditions g\u00e9n\u00e9rales \u2013 D\u00e9claration de confidentialit\u00e9 : Le Tigre Webdesign Holland - Webdesign Maastricht \u2013 Responsive en SEO-proof websites op maat","twitter:description":"D\u00c9CLARATION DE CONFIDENTIALIT\u00c9 LE TIGRE WEBDESIGN MAASTRICHT Le Tigre Webdesign Holland s\u2019efforce de vous informer aussi compl\u00e8tement et correctement que possible par le biais de ce site web. Malgr\u00e9 cette pr\u00e9occupation, certaines informations peuvent \u00eatre incorrectes, incompl\u00e8tes ou expir\u00e9es. Par cons\u00e9quent, vous ne pouvez pas tirer de droits \u00e0 partir des informations fournies sur ce","twitter:creator":"@letigrenl","twitter:image":"https:\/\/webdesign-service.nl\/wp-content\/uploads\/2022\/02\/letigre-services.png"},"aioseo_meta_data":{"post_id":"6786","title":null,"description":null,"keywords":null,"keyphrases":{"focus":{"keyphrase":"","score":0,"analysis":{"keyphraseInTitle":{"score":0,"maxScore":9,"error":1}}},"additional":[]},"primary_term":null,"canonical_url":null,"og_title":null,"og_description":null,"og_object_type":"default","og_image_type":"default","og_image_url":null,"og_image_width":null,"og_image_height":null,"og_image_custom_url":null,"og_image_custom_fields":null,"og_video":"","og_custom_url":null,"og_article_section":null,"og_article_tags":null,"twitter_use_og":false,"twitter_card":"default","twitter_image_type":"default","twitter_image_url":null,"twitter_image_custom_url":null,"twitter_image_custom_fields":null,"twitter_title":null,"twitter_description":null,"schema":{"blockGraphs":[],"customGraphs":[],"default":{"data":{"Article":[],"Course":[],"Dataset":[],"FAQPage":[],"Movie":[],"Person":[],"Product":[],"ProductReview":[],"Car":[],"Recipe":[],"Service":[],"SoftwareApplication":[],"WebPage":[]},"graphName":"WebPage","isEnabled":true},"graphs":[]},"schema_type":"default","schema_type_options":"{\"article\":{\"articleType\":\"BlogPosting\"},\"course\":{\"name\":\"\",\"description\":\"\",\"provider\":\"\"},\"faq\":{\"pages\":[]},\"product\":{\"reviews\":[]},\"recipe\":{\"ingredients\":[],\"instructions\":[],\"keywords\":[]},\"software\":{\"reviews\":[],\"operatingSystems\":[]},\"webPage\":{\"webPageType\":\"WebPage\"}}","pillar_content":false,"robots_default":true,"robots_noindex":false,"robots_noarchive":false,"robots_nosnippet":false,"robots_nofollow":false,"robots_noimageindex":false,"robots_noodp":false,"robots_notranslate":false,"robots_max_snippet":"-1","robots_max_videopreview":"-1","robots_max_imagepreview":"large","priority":null,"frequency":"default","local_seo":null,"seo_analyzer_scan_date":"2025-08-15 01:24:02","breadcrumb_settings":null,"limit_modified_date":false,"reviewed_by":"0","open_ai":"{\"title\":{\"suggestions\":[],\"usage\":0},\"description\":{\"suggestions\":[],\"usage\":0}}","ai":{"faqs":[],"keyPoints":[],"titles":[],"descriptions":[],"socialPosts":{"email":[],"linkedin":[],"twitter":[],"facebook":[],"instagram":[]}},"created":"2022-02-13 10:11:10","updated":"2025-11-26 23:22:59"},"aioseo_breadcrumb":"<div class=\"aioseo-breadcrumbs\"><span class=\"aioseo-breadcrumb\">\n\t<a href=\"https:\/\/webdesign-service.nl\/fr\/\" title=\"Home\">Home<\/a>\n<\/span><span class=\"aioseo-breadcrumb-separator\">&raquo;<\/span><span class=\"aioseo-breadcrumb\">\n\tDisclaimer \u2013 Conditions g\u00e9n\u00e9rales \u2013 D\u00e9claration de confidentialit\u00e9 : Le Tigre Webdesign Holland\n<\/span><\/div>","aioseo_breadcrumb_json":[{"label":"Home","link":"https:\/\/webdesign-service.nl\/fr\/"},{"label":"Disclaimer &#8211; Conditions g\u00e9n\u00e9rales &#8211; D\u00e9claration de confidentialit\u00e9 : Le Tigre Webdesign Holland","link":"https:\/\/webdesign-service.nl\/fr\/disclaimer-conditions-generales-declaration-de-confidentialite-le-tigre-webdesign-holland\/"}],"_links":{"self":[{"href":"https:\/\/webdesign-service.nl\/fr\/wp-json\/wp\/v2\/pages\/6786","targetHints":{"allow":["GET"]}}],"collection":[{"href":"https:\/\/webdesign-service.nl\/fr\/wp-json\/wp\/v2\/pages"}],"about":[{"href":"https:\/\/webdesign-service.nl\/fr\/wp-json\/wp\/v2\/types\/page"}],"author":[{"embeddable":true,"href":"https:\/\/webdesign-service.nl\/fr\/wp-json\/wp\/v2\/users\/1"}],"replies":[{"embeddable":true,"href":"https:\/\/webdesign-service.nl\/fr\/wp-json\/wp\/v2\/comments?post=6786"}],"version-history":[{"count":0,"href":"https:\/\/webdesign-service.nl\/fr\/wp-json\/wp\/v2\/pages\/6786\/revisions"}],"wp:attachment":[{"href":"https:\/\/webdesign-service.nl\/fr\/wp-json\/wp\/v2\/media?parent=6786"}],"curies":[{"name":"wp","href":"https:\/\/api.w.org\/{rel}","templated":true}]}}